{"id":7442,"date":"2024-08-15T09:44:33","date_gmt":"2024-08-15T09:44:33","guid":{"rendered":"https:\/\/dentalbenelux.com\/?page_id=7442"},"modified":"2024-08-20T08:27:01","modified_gmt":"2024-08-20T08:27:01","slug":"de-beste-tandverzekeringen-in-belgie-die-geldig-zijn-in-nederland","status":"publish","type":"page","link":"https:\/\/dentalbenelux.com\/fr\/la-meilleure-assurance-dentaire-en-belgique-qui-est-valable-aux-pays-bas\/","title":{"rendered":"Les meilleures assurances dentaires en Belgique valables aux Pays-Bas"},"content":{"rendered":"<div data-elementor-type=\"wp-page\" data-elementor-id=\"7442\" class=\"elementor elementor-7442\" data-elementor-post-type=\"page\">\n\t\t\t\t\t\t<section class=\"elementor-section elementor-top-section elementor-element elementor-element-6cb1fecf elementor-section-boxed elementor-section-height-default elementor-section-height-default\" data-id=\"6cb1fecf\" data-element_type=\"section\" data-e-type=\"section\">\n\t\t\t\t\t\t<div class=\"elementor-container elementor-column-gap-default\">\n\t\t\t\t\t<div class=\"elementor-column elementor-col-100 elementor-top-column elementor-element elementor-element-1da53606\" data-id=\"1da53606\" data-element_type=\"column\" data-e-type=\"column\">\n\t\t\t<div class=\"elementor-widget-wrap elementor-element-populated\">\n\t\t\t\t\t\t<div class=\"elementor-element elementor-element-a1b2221 elementor-widget elementor-widget-text-editor\" data-id=\"a1b2221\" data-element_type=\"widget\" data-e-type=\"widget\" data-widget_type=\"text-editor.default\">\n\t\t\t\t<div class=\"elementor-widget-container\">\n\t\t\t\t\t\t\t\t\t\n<p><strong>Les meilleures assurances dentaires en Belgique valables aux Pays-Bas<\/strong><\/p>\n\n\n\n<p>La Belgique offre un large \u00e9ventail de polices d'assurance dentaire qui sont \u00e9galement valables aux Pays-Bas. Ces assurances couvrent un large \u00e9ventail de traitements dentaires, des examens bucco-dentaires \u00e0 l'orthodontie et aux proth\u00e8ses dentaires. Voici les cinq assurances dentaires belges les plus int\u00e9ressantes pour 2024 :<\/p>\n\n\n\n<ol class=\"wp-block-list\">\n<li><strong>Smile Essential de DKV<\/strong>\n<ul class=\"wp-block-list\">\n<li><strong>Prime :<\/strong> 10,85 \u20ac par mois<\/li>\n\n\n\n<li><strong>Couverture :<\/strong>\n<ul class=\"wp-block-list\">\n<li>D\u00e9tartrage, examen bucco-dentaire : remboursement 100% sans limite annuelle<\/li>\n\n\n\n<li>Caries, extractions, radiographies : remboursement 70% sans limite annuelle<\/li>\n\n\n\n<li>Soins dentaires en cas d'accident : Jusqu'\u00e0 10 000 euros par cas<\/li>\n<\/ul>\n<\/li>\n\n\n\n<li><strong>Remarque :<\/strong> Pas de remboursement des proth\u00e8ses et des implants. Pas de temps d'attente ni de questionnaire m\u00e9dical.<\/li>\n<\/ul>\n<\/li>\n\n\n\n<li><strong>Confort du sourire par DKV<\/strong>\n<ul class=\"wp-block-list\">\n<li><strong>Prime :<\/strong> 12,56 \u20ac par mois<\/li>\n\n\n\n<li><strong>Couverture :<\/strong>\n<ul class=\"wp-block-list\">\n<li>D\u00e9tartrage, examen buccal : 100% sans limite annuelle<\/li>\n\n\n\n<li>Caries, extractions, radiographies : 70% sans limite annuelle<\/li>\n\n\n\n<li>Proth\u00e8ses et implants : 70% jusqu'\u00e0 2 000 euros la quatri\u00e8me ann\u00e9e<\/li>\n<\/ul>\n<\/li>\n\n\n\n<li><strong>Remarque :<\/strong> Excellent remboursement des frais d'orthodontie \u00e0 hauteur de 1 500 \u20ac par assur\u00e9.<\/li>\n<\/ul>\n<\/li>\n\n\n\n<li><strong>Smile Premium de la DKV<\/strong>\n<ul class=\"wp-block-list\">\n<li><strong>Prime :<\/strong> 18,27 \u20ac par mois<\/li>\n\n\n\n<li><strong>Couverture :<\/strong>\n<ul class=\"wp-block-list\">\n<li>D\u00e9tartrage, examen buccal : 100% sans limite annuelle<\/li>\n\n\n\n<li>Proth\u00e8ses et implants : 80% jusqu'\u00e0 4 000 euros la quatri\u00e8me ann\u00e9e<\/li>\n<\/ul>\n<\/li>\n\n\n\n<li><strong>Remarque :<\/strong> Convient \u00e0 ceux qui ont besoin d'une couverture compl\u00e8te, en particulier pour l'orthodontie.<\/li>\n<\/ul>\n<\/li>\n\n\n\n<li><strong>Dentalia Up par Helan<\/strong>\n<ul class=\"wp-block-list\">\n<li><strong>Prime :<\/strong> 8,67 \u20ac par mois<\/li>\n\n\n\n<li><strong>Couverture :<\/strong>\n<ul class=\"wp-block-list\">\n<li>Examen bucco-dentaire et d\u00e9tartrage : jusqu'\u00e0 200% du taux convenu<\/li>\n\n\n\n<li>Proth\u00e8ses et implants : remboursement 50-80%<\/li>\n<\/ul>\n<\/li>\n\n\n\n<li><strong>Remarque :<\/strong> Aucune adh\u00e9sion n'est possible apr\u00e8s 64 ans. Adh\u00e9sion familiale obligatoire.<\/li>\n<\/ul>\n<\/li>\n\n\n\n<li><strong>Dentaplan de Solidaris<\/strong>\n<ul class=\"wp-block-list\">\n<li><strong>Prime :<\/strong> 10,11 \u20ac par mois<\/li>\n\n\n\n<li><strong>Couverture :<\/strong>\n<ul class=\"wp-block-list\">\n<li>Caries, extractions, radiographies : 100% de co\u00fbt<\/li>\n\n\n\n<li>Proth\u00e8ses et implants : 75% du taux l\u00e9gal plus remboursement compl\u00e9mentaire<\/li>\n<\/ul>\n<\/li>\n\n\n\n<li><strong>Remarque :<\/strong> Pas de limite d'\u00e2ge, automatiquement inclus dans les primes compl\u00e9mentaires.<\/li>\n<\/ul>\n<\/li>\n<\/ol>\n\n\n\n<p><strong>Note : Ces assurances sont valables aux Pays-Bas.<\/strong><\/p>\n\n\n\n<h3 class=\"wp-block-heading\">Histoires d'hospitalisation apr\u00e8s des traitements dentaires infructueux en Turquie<\/h3>\n\n\n\n<p>Il peut \u00eatre tentant de se faire soigner \u00e0 moindre co\u00fbt \u00e0 l'\u00e9tranger, notamment pour des interventions dentaires telles que la pose de couronnes ou d'implants. Mais que se passe-t-il si les choses tournent mal ?<\/p>\n\n\n\n<p><strong>Histoire 1 : Vacances perturb\u00e9es, dur\u00e9e de la r\u00e9cup\u00e9ration<\/strong><br>Jan a d\u00e9cid\u00e9 de se faire poser des couronnes dentaires en Turquie. Les prix \u00e9taient int\u00e9ressants et la clinique semblait fiable. Malheureusement, apr\u00e8s son retour aux Pays-Bas, Jan a souffert de fortes douleurs et s'est rendu compte que les couronnes n'avaient pas \u00e9t\u00e9 plac\u00e9es correctement. Il a d\u00fb subir un traitement d'urgence chez Dental Benelux, qui \u00e9tait non seulement co\u00fbteux mais aussi tr\u00e8s inconfortable.<\/p>\n\n\n\n<p><strong>Histoire 2 : Implants de mauvaise qualit\u00e9, co\u00fbts doubl\u00e9s<\/strong><br>Marieke s'est fait poser des implants en Turquie. L'op\u00e9ration semblait r\u00e9ussie, mais au bout de quelques mois, les implants ont commenc\u00e9 \u00e0 se d\u00e9tacher. Une visite chez un dentiste aux Pays-Bas a r\u00e9v\u00e9l\u00e9 que les implants avaient \u00e9t\u00e9 mal plac\u00e9s et qu'ils devaient \u00eatre refaits. Marieke a d\u00fb payer \u00e0 nouveau des milliers d'euros, cette fois \u00e0 un dentiste sp\u00e9cialis\u00e9 en Belgique, pour r\u00e9parer les d\u00e9g\u00e2ts.<\/p>\n\n\n\n<p><strong>Important :<\/strong> Si vous envisagez de suivre un traitement dentaire \u00e0 l'\u00e9tranger, par exemple en Turquie, sachez que votre assurance belge ne couvrira pas ces frais. Vous risquez de payer deux fois plus cher et de subir de nombreux d\u00e9sagr\u00e9ments.<\/p>\n\n\n\n<p><strong>Conclusion<\/strong><br>Choisir la bonne assurance dentaire peut non seulement vous faire \u00e9conomiser de l'argent, mais aussi vous \u00e9viter beaucoup de stress et d'inconfort. Que vous viviez en Belgique ou aux Pays-Bas, ces assurances offrent une excellente couverture pour les traitements dentaires les plus courants. Pensez-y \u00e0 deux fois avant d'opter pour des traitements moins chers \u00e0 l'\u00e9tranger, car cela peut s'av\u00e9rer beaucoup plus on\u00e9reux.<\/p>\n\t\t\t\t\t\t\t\t<\/div>\n\t\t\t\t<\/div>\n\t\t\t\t\t<\/div>\n\t\t<\/div>\n\t\t\t\t\t<\/div>\n\t\t<\/section>\n\t\t\t\t<section class=\"elementor-section elementor-top-section elementor-element elementor-element-d97bdc5 elementor-section-boxed elementor-section-height-default elementor-section-height-default\" data-id=\"d97bdc5\" data-element_type=\"section\" data-e-type=\"section\">\n\t\t\t\t\t\t<div class=\"elementor-container elementor-column-gap-default\">\n\t\t\t\t\t<div class=\"elementor-column elementor-col-33 elementor-top-column elementor-element elementor-element-b7f17b7 column-fx_shine_hover\" data-id=\"b7f17b7\" data-element_type=\"column\" data-e-type=\"column\">\n\t\t\t<div class=\"elementor-widget-wrap elementor-element-populated\">\n\t\t\t\t\t\t<div class=\"elementor-element elementor-element-6b9d0a0 elementor-widget elementor-widget-cz_title\" data-id=\"6b9d0a0\" data-element_type=\"widget\" data-e-type=\"widget\" data-widget_type=\"cz_title.default\">\n\t\t\t\t<div class=\"elementor-widget-container\">\n\t\t\t\t\t\t\r\n\t\t<div>\r\n\t\t\t<div class=\"cz_title clr cz_title_has_icon cz_title_pos_inline\"><div class=\"cz_title_content\"><i class=\"cz_title_icon_before fas fa-tooth\"><\/i><div class=\"cz_wpe_content\"><h4>Couronne c\u00e9ramo-zircone<\/h4>\n<p><span style=\"font-size: 25px;\">\u20ac430<\/span><\/p>\n<p>Vergoed (70%): \u20ac301\u00a0<\/p>\n<p>Tot uw jaarlijkse limiet: 600 -1200<\/p><\/div><\/div><\/div>\r\n\t\t<\/div>\r\n\t\t\r\n\t\t\t\t\t\t<\/div>\n\t\t\t\t<\/div>\n\t\t\t\t<div class=\"elementor-element elementor-element-7608182 elementor-widget elementor-widget-cz_title\" data-id=\"7608182\" data-element_type=\"widget\" data-e-type=\"widget\" data-widget_type=\"cz_title.default\">\n\t\t\t\t<div class=\"elementor-widget-container\">\n\t\t\t\t\t\t\r\n\t\t<div>\r\n\t\t\t<div class=\"cz_title clr cz_title_pos_inline\"><div class=\"cz_title_content\"><div class=\"cz_wpe_content\"><\/div><\/div><\/div>\r\n\t\t<\/div>\r\n\t\t\r\n\t\t\t\t\t\t<\/div>\n\t\t\t\t<\/div>\n\t\t\t\t\t<\/div>\n\t\t<\/div>\n\t\t\t\t<div class=\"elementor-column elementor-col-33 elementor-top-column elementor-element elementor-element-47f5c67 column-fx_shine_hover elementor-hidden-mobile_extra elementor-hidden-mobile\" data-id=\"47f5c67\" data-element_type=\"column\" data-e-type=\"column\">\n\t\t\t<div class=\"elementor-widget-wrap elementor-element-populated\">\n\t\t\t\t\t\t<div class=\"elementor-element elementor-element-a352112 elementor-widget elementor-widget-cz_title\" data-id=\"a352112\" data-element_type=\"widget\" data-e-type=\"widget\" data-widget_type=\"cz_title.default\">\n\t\t\t\t<div class=\"elementor-widget-container\">\n\t\t\t\t\t\t\r\n\t\t<div>\r\n\t\t\t<div class=\"cz_title clr cz_title_has_icon cz_title_pos_inline\"><div class=\"cz_title_content\"><i class=\"cz_title_icon_before fas fa-tooth\"><\/i><div class=\"cz_wpe_content\"><h4>Bridge c\u00e9ramo-zircone en trois \u00e9l\u00e9ments<\/h4>\n<p><span style=\"font-size: 25px;\">\u20ac1290<\/span><\/p>\n<p>Vergoed (70%): Rond \u20ac900\u00a0<\/p>\n<p>Tot uw jaarlijkse limiet: 600-1200<\/p><\/div><\/div><\/div>\r\n\t\t<\/div>\r\n\t\t\r\n\t\t\t\t\t\t<\/div>\n\t\t\t\t<\/div>\n\t\t\t\t<div class=\"elementor-element elementor-element-69e89f1 elementor-widget elementor-widget-cz_title\" data-id=\"69e89f1\" data-element_type=\"widget\" data-e-type=\"widget\" data-widget_type=\"cz_title.default\">\n\t\t\t\t<div class=\"elementor-widget-container\">\n\t\t\t\t\t\t\r\n\t\t<div>\r\n\t\t\t<div class=\"cz_title clr cz_title_pos_inline\"><div class=\"cz_title_content\"><div class=\"cz_wpe_content\"><\/div><\/div><\/div>\r\n\t\t<\/div>\r\n\t\t\r\n\t\t\t\t\t\t<\/div>\n\t\t\t\t<\/div>\n\t\t\t\t\t<\/div>\n\t\t<\/div>\n\t\t\t\t<div class=\"elementor-column elementor-col-33 elementor-top-column elementor-element elementor-element-9577916 column-fx_shine_hover elementor-hidden-mobile_extra elementor-hidden-mobile\" data-id=\"9577916\" data-element_type=\"column\" data-e-type=\"column\">\n\t\t\t<div class=\"elementor-widget-wrap elementor-element-populated\">\n\t\t\t\t\t\t<div class=\"elementor-element elementor-element-59a67f0 elementor-widget elementor-widget-cz_title\" data-id=\"59a67f0\" data-element_type=\"widget\" data-e-type=\"widget\" data-widget_type=\"cz_title.default\">\n\t\t\t\t<div class=\"elementor-widget-container\">\n\t\t\t\t\t\t\r\n\t\t<div>\r\n\t\t\t<div class=\"cz_title clr cz_title_has_icon cz_title_pos_inline\"><div class=\"cz_title_content\"><i class=\"cz_title_icon_before fas fa-tooth\"><\/i><div class=\"cz_wpe_content\"><h4>Implant<\/h4>\n<p><span style=\"font-size: 25px;\">\u20ac695<\/span><\/p>\n<p>Vergoed (70%): \u20ac486<\/p>\n<p>Tot uw jaarlijkse limiet: 600-1200<\/p><\/div><\/div><\/div>\r\n\t\t<\/div>\r\n\t\t\r\n\t\t\t\t\t\t<\/div>\n\t\t\t\t<\/div>\n\t\t\t\t\t<\/div>\n\t\t<\/div>\n\t\t\t\t\t<\/div>\n\t\t<\/section>\n\t\t\t\t<section class=\"elementor-section elementor-top-section elementor-element elementor-element-c711242 elementor-section-stretched elementor-section-boxed elementor-section-height-default elementor-section-height-default\" data-id=\"c711242\" data-element_type=\"section\" data-e-type=\"section\" data-settings=\"{&quot;stretch_section&quot;:&quot;section-stretched&quot;,&quot;background_background&quot;:&quot;classic&quot;}\">\n\t\t\t\t\t\t<div class=\"elementor-container elementor-column-gap-default\">\n\t\t\t\t\t<div class=\"elementor-column elementor-col-50 elementor-top-column elementor-element elementor-element-d61152f\" data-id=\"d61152f\" data-element_type=\"column\" data-e-type=\"column\">\n\t\t\t<div class=\"elementor-widget-wrap elementor-element-populated\">\n\t\t\t\t\t\t<div class=\"elementor-element elementor-element-1014880 cz_mobile_text_center elementor-widget elementor-widget-cz_title\" data-id=\"1014880\" data-element_type=\"widget\" data-e-type=\"widget\" data-widget_type=\"cz_title.default\">\n\t\t\t\t<div class=\"elementor-widget-container\">\n\t\t\t\t\t\t\r\n\t\t<div>\r\n\t\t\t<div class=\"cz_title clr cz_mobile_text_center cz_title_pos_inline\"><div class=\"cz_title_content\"><div class=\"cz_wpe_content\"><h3><span style=\"color: #ffffff; font-size: 30px; display: inline-block;\"><span style=\"font-weight: 300;\">Prenez le rendez-vous pour une premi\u00e8re consultation  (lieu : Pays-Bas, Limbourg)<\/span><\/span><\/h3><\/div><\/div><\/div>\r\n\t\t<\/div>\r\n\t\t\r\n\t\t\t\t\t\t<\/div>\n\t\t\t\t<\/div>\n\t\t\t\t<section class=\"elementor-section elementor-inner-section elementor-element elementor-element-1fe3edb elementor-section-content-middle elementor-section-boxed elementor-section-height-default elementor-section-height-default\" data-id=\"1fe3edb\" data-element_type=\"section\" data-e-type=\"section\">\n\t\t\t\t\t\t<div class=\"elementor-container elementor-column-gap-default\">\n\t\t\t\t\t<div class=\"elementor-column elementor-col-33 elementor-inner-column elementor-element elementor-element-57986eb\" data-id=\"57986eb\" data-element_type=\"column\" data-e-type=\"column\">\n\t\t\t<div class=\"elementor-widget-wrap elementor-element-populated\">\n\t\t\t\t\t\t<div class=\"elementor-element elementor-element-0e46b88 elementor-mobile-position-inline-start elementor-view-default elementor-position-block-start elementor-widget elementor-widget-icon-box\" data-id=\"0e46b88\" data-element_type=\"widget\" data-e-type=\"widget\" data-widget_type=\"icon-box.default\">\n\t\t\t\t<div class=\"elementor-widget-container\">\n\t\t\t\t\t\t\t<div class=\"elementor-icon-box-wrapper\">\n\n\t\t\t\t\t\t<div class=\"elementor-icon-box-icon\">\n\t\t\t\t<span  class=\"elementor-icon\">\n\t\t\t\t<i aria-hidden=\"true\" class=\"fas fa-coins\"><\/i>\t\t\t\t<\/span>\n\t\t\t<\/div>\n\t\t\t\n\t\t\t\t\t\t<div class=\"elementor-icon-box-content\">\n\n\t\t\t\t\t\t\t\t\t<h3 class=\"elementor-icon-box-title\">\n\t\t\t\t\t\t<span  >\n\t\t\t\t\t\t\tDiagnostic\t\t\t\t\t\t<\/span>\n\t\t\t\t\t<\/h3>\n\t\t\t\t\n\t\t\t\t\t\t\t\t\t<p class=\"elementor-icon-box-description\">\n\t\t\t\t\t\t\u00e0 partir de \u20ac50\t\t\t\t\t<\/p>\n\t\t\t\t\n\t\t\t<\/div>\n\t\t\t\n\t\t<\/div>\n\t\t\t\t\t\t<\/div>\n\t\t\t\t<\/div>\n\t\t\t\t\t<\/div>\n\t\t<\/div>\n\t\t\t\t<div class=\"elementor-column elementor-col-33 elementor-inner-column elementor-element elementor-element-1d36ca8\" data-id=\"1d36ca8\" data-element_type=\"column\" data-e-type=\"column\">\n\t\t\t<div class=\"elementor-widget-wrap elementor-element-populated\">\n\t\t\t\t\t\t<div class=\"elementor-element elementor-element-c2a4a3a elementor-mobile-position-inline-start elementor-view-default elementor-position-block-start elementor-widget elementor-widget-icon-box\" data-id=\"c2a4a3a\" data-element_type=\"widget\" data-e-type=\"widget\" data-widget_type=\"icon-box.default\">\n\t\t\t\t<div class=\"elementor-widget-container\">\n\t\t\t\t\t\t\t<div class=\"elementor-icon-box-wrapper\">\n\n\t\t\t\t\t\t<div class=\"elementor-icon-box-icon\">\n\t\t\t\t<span  class=\"elementor-icon\">\n\t\t\t\t<i aria-hidden=\"true\" class=\"fas fa-file-invoice\"><\/i>\t\t\t\t<\/span>\n\t\t\t<\/div>\n\t\t\t\n\t\t\t\t\t\t<div class=\"elementor-icon-box-content\">\n\n\t\t\t\t\t\t\t\t\t<h3 class=\"elementor-icon-box-title\">\n\t\t\t\t\t\t<span  >\n\t\t\t\t\t\t\tPlan de traitement \t\t\t\t\t\t<\/span>\n\t\t\t\t\t<\/h3>\n\t\t\t\t\n\t\t\t\t\t\t\t\t\t<p class=\"elementor-icon-box-description\">\n\t\t\t\t\t\tVous recevrez un plan de traitement imprim\u00e9 avec tous les avantages et inconv\u00e9nients. Sans engagement.\t\t\t\t\t<\/p>\n\t\t\t\t\n\t\t\t<\/div>\n\t\t\t\n\t\t<\/div>\n\t\t\t\t\t\t<\/div>\n\t\t\t\t<\/div>\n\t\t\t\t\t<\/div>\n\t\t<\/div>\n\t\t\t\t<div class=\"elementor-column elementor-col-33 elementor-inner-column elementor-element elementor-element-d646ce1\" data-id=\"d646ce1\" data-element_type=\"column\" data-e-type=\"column\">\n\t\t\t<div class=\"elementor-widget-wrap elementor-element-populated\">\n\t\t\t\t\t\t<div class=\"elementor-element elementor-element-f74013c elementor-mobile-position-inline-start elementor-view-default elementor-position-block-start elementor-widget elementor-widget-icon-box\" data-id=\"f74013c\" data-element_type=\"widget\" data-e-type=\"widget\" data-widget_type=\"icon-box.default\">\n\t\t\t\t<div class=\"elementor-widget-container\">\n\t\t\t\t\t\t\t<div class=\"elementor-icon-box-wrapper\">\n\n\t\t\t\t\t\t<div class=\"elementor-icon-box-icon\">\n\t\t\t\t<span  class=\"elementor-icon\">\n\t\t\t\t<i aria-hidden=\"true\" class=\"fas fa-list-ol\"><\/i>\t\t\t\t<\/span>\n\t\t\t<\/div>\n\t\t\t\n\t\t\t\t\t\t<div class=\"elementor-icon-box-content\">\n\n\t\t\t\t\t\t\t\t\t<h3 class=\"elementor-icon-box-title\">\n\t\t\t\t\t\t<span  >\n\t\t\t\t\t\t\t2-3 options\t\t\t\t\t\t<\/span>\n\t\t\t\t\t<\/h3>\n\t\t\t\t\n\t\t\t\t\t\t\t\t\t<p class=\"elementor-icon-box-description\">\n\t\t\t\t\t\t2-3 solutions alternatives dans diff\u00e9rents crit\u00e8res de prix\t\t\t\t\t<\/p>\n\t\t\t\t\n\t\t\t<\/div>\n\t\t\t\n\t\t<\/div>\n\t\t\t\t\t\t<\/div>\n\t\t\t\t<\/div>\n\t\t\t\t\t<\/div>\n\t\t<\/div>\n\t\t\t\t\t<\/div>\n\t\t<\/section>\n\t\t\t\t\t<\/div>\n\t\t<\/div>\n\t\t\t\t<div class=\"elementor-column elementor-col-50 elementor-top-column elementor-element elementor-element-9ae8297\" data-id=\"9ae8297\" data-element_type=\"column\" data-e-type=\"column\">\n\t\t\t<div class=\"elementor-widget-wrap elementor-element-populated\">\n\t\t\t\t\t\t<section class=\"elementor-section elementor-inner-section elementor-element elementor-element-885649c elementor-section-content-middle elementor-section-boxed elementor-section-height-default elementor-section-height-default\" data-id=\"885649c\" data-element_type=\"section\" data-e-type=\"section\">\n\t\t\t\t\t\t<div class=\"elementor-container elementor-column-gap-default\">\n\t\t\t\t\t<div class=\"elementor-column elementor-col-100 elementor-inner-column elementor-element elementor-element-84a8712\" data-id=\"84a8712\" data-element_type=\"column\" data-e-type=\"column\">\n\t\t\t<div class=\"elementor-widget-wrap elementor-element-populated\">\n\t\t\t\t\t\t<div class=\"elementor-element elementor-element-cc0b838 elementor-widget elementor-widget-cz_contact_form_7\" data-id=\"cc0b838\" data-element_type=\"widget\" data-e-type=\"widget\" data-widget_type=\"cz_contact_form_7.default\">\n\t\t\t\t<div class=\"elementor-widget-container\">\n\t\t\t\t\t\t\t<div class=\"cz_cf7 clr\">\r\n\t\t\t<div>\n<div class=\"wpcf7 no-js\" id=\"wpcf7-f627-o1\" lang=\"en-US\" dir=\"ltr\" data-wpcf7-id=\"627\">\n<div class=\"screen-reader-response\"><p role=\"status\" aria-live=\"polite\" aria-atomic=\"true\"><\/p> <ul><\/ul><\/div>\n<form action=\"\/fr\/wp-json\/wp\/v2\/pages\/7442#wpcf7-f627-o1\" method=\"post\" class=\"wpcf7-form init\" aria-label=\"Contact form\" enctype=\"multipart\/form-data\" novalidate=\"novalidate\" data-status=\"init\" data-trp-original-action=\"\/fr\/wp-json\/wp\/v2\/pages\/7442#wpcf7-f627-o1\">\n<fieldset class=\"hidden-fields-container\"><input type=\"hidden\" name=\"_wpcf7\" value=\"627\" \/><input type=\"hidden\" name=\"_wpcf7_version\" value=\"6.1.5\" \/><input type=\"hidden\" name=\"_wpcf7_locale\" value=\"en_US\" \/><input type=\"hidden\" name=\"_wpcf7_unit_tag\" value=\"wpcf7-f627-o1\" \/><input type=\"hidden\" name=\"_wpcf7_container_post\" value=\"0\" \/><input type=\"hidden\" name=\"_wpcf7_posted_data_hash\" value=\"\" \/><input type=\"hidden\" name=\"_wpcf7_recaptcha_response\" value=\"\" \/>\n<\/fieldset>\n<p><span class=\"wpcf7-form-control-wrap\" data-name=\"your-name\"><input size=\"40\" maxlength=\"400\" class=\"wpcf7-form-control wpcf7-text wpcf7-validates-as-required\" aria-required=\"true\" aria-invalid=\"false\" placeholder=\"Votre nom (*)\" value=\"\" type=\"text\" name=\"your-name\" \/><\/span>\n<\/p>\n<p><span class=\"wpcf7-form-control-wrap\" data-name=\"your-email\"><input size=\"40\" maxlength=\"400\" class=\"wpcf7-form-control wpcf7-email wpcf7-validates-as-required wpcf7-text wpcf7-validates-as-email\" aria-required=\"true\" aria-invalid=\"false\" placeholder=\"Votre e-mail (*)\" value=\"\" type=\"email\" name=\"your-email\" \/><\/span>\n<\/p>\n<p><span class=\"wpcf7-form-control-wrap\" data-name=\"your-message\"><textarea cols=\"40\" rows=\"10\" maxlength=\"2000\" class=\"wpcf7-form-control wpcf7-textarea\" aria-invalid=\"false\" placeholder=\"Votre message\" name=\"your-message\"><\/textarea><\/span>\n<\/p>\n<p><span class=\"wpcf7-form-control-wrap\" data-name=\"your-xray\"><input size=\"40\" class=\"wpcf7-form-control wpcf7-file\" accept=\".jpg,.jpeg,.png,.pdf\" aria-invalid=\"false\" type=\"file\" name=\"your-xray\" \/><\/span>\n<\/p>\n<p><input type=\"hidden\" name=\"utm_campaign\" value=\"\" \/><br \/>\n<input type=\"hidden\" name=\"utm_source\" value=\"\" \/><br \/>\n<input type=\"hidden\" name=\"utm_medium\" value=\"\" \/><br \/>\n<input type=\"hidden\" name=\"utm_term\" value=\"\" \/><br \/>\n<input type=\"hidden\" name=\"utm_content\" value=\"\" \/><br \/>\n<input type=\"hidden\" name=\"gclid\" value=\"\" \/><br \/>\n<span class=\"wpcf7-form-control-wrap recaptcha\" data-name=\"recaptcha\"><span data-sitekey=\"6LeAm1YqAAAAAA6kCTStqJzhU_yrXqUU_0Mpo-LN\" class=\"wpcf7-form-control wpcf7-recaptcha g-recaptcha\"><\/span>\r\n<noscript>\r\n\t<div class=\"grecaptcha-noscript\">\r\n\t\t<iframe src=\"https:\/\/www.google.com\/recaptcha\/api\/fallback?k=6LeAm1YqAAAAAA6kCTStqJzhU_yrXqUU_0Mpo-LN\" frameborder=\"0\" scrolling=\"no\" width=\"310\" height=\"430\">\r\n\t\t<\/iframe>\r\n\t\t<textarea name=\"g-recaptcha-response\" rows=\"3\" cols=\"40\" placeholder=\"reCaptcha Response Here\">\r\n\t\t<\/textarea>\r\n\t<\/div>\r\n<\/noscript>\r\n<\/span>\n<\/p>\n<p><input class=\"wpcf7-form-control wpcf7-submit has-spinner\" type=\"submit\" value=\"Pour envoyer un message\" \/>\n<\/p><div class=\"wpcf7-response-output\" aria-hidden=\"true\"><\/div>\n<input type=\"hidden\" name=\"trp-form-language\" value=\"fr\"\/><\/form>\n<\/div>\n<\/div>\r\n\t\t<\/div>\r\n\t\t\t\t\t\t<\/div>\n\t\t\t\t<\/div>\n\t\t\t\t\t<\/div>\n\t\t<\/div>\n\t\t\t\t\t<\/div>\n\t\t<\/section>\n\t\t\t\t\t<\/div>\n\t\t<\/div>\n\t\t\t\t\t<\/div>\n\t\t<\/section>\n\t\t\t\t<\/div>","protected":false},"excerpt":{"rendered":"<p>De Beste Tandverzekeringen in Belgi\u00eb die Geldig Zijn in Nederland Belgi\u00eb &#8230; <\/p>","protected":false},"author":1,"featured_media":0,"parent":0,"menu_order":0,"comment_status":"closed","ping_status":"closed","template":"","meta":{"inline_featured_image":false,"footnotes":""},"class_list":["post-7442","page","type-page","status-publish","hentry"],"_links":{"self":[{"href":"https:\/\/dentalbenelux.com\/fr\/wp-json\/wp\/v2\/pages\/7442","targetHints":{"allow":["GET"]}}],"collection":[{"href":"https:\/\/dentalbenelux.com\/fr\/wp-json\/wp\/v2\/pages"}],"about":[{"href":"https:\/\/dentalbenelux.com\/fr\/wp-json\/wp\/v2\/types\/page"}],"author":[{"embeddable":true,"href":"https:\/\/dentalbenelux.com\/fr\/wp-json\/wp\/v2\/users\/1"}],"replies":[{"embeddable":true,"href":"https:\/\/dentalbenelux.com\/fr\/wp-json\/wp\/v2\/comments?post=7442"}],"version-history":[{"count":0,"href":"https:\/\/dentalbenelux.com\/fr\/wp-json\/wp\/v2\/pages\/7442\/revisions"}],"wp:attachment":[{"href":"https:\/\/dentalbenelux.com\/fr\/wp-json\/wp\/v2\/media?parent=7442"}],"curies":[{"name":"wp","href":"https:\/\/api.w.org\/{rel}","templated":true}]}}