{"id":3,"date":"2022-08-31T10:10:13","date_gmt":"2022-08-31T10:10:13","guid":{"rendered":"https:\/\/dentalbenelux.com\/?page_id=3"},"modified":"2024-08-19T12:56:26","modified_gmt":"2024-08-19T12:56:26","slug":"privacy-policy","status":"publish","type":"page","link":"https:\/\/dentalbenelux.com\/fr\/politique-de-confidentialite\/","title":{"rendered":"Politique de confidentialit\u00e9"},"content":{"rendered":"<p><strong>Qui sommes-nous ?<\/strong><\/p>\n\n\n\n<p>L'adresse de notre site web est la suivante : https:\/\/dentalbenelux.com\/<\/p>\n\n\n\n<p><strong>Quelles sont les donn\u00e9es personnelles que nous recueillons et pourquoi nous les recueillons ?<\/strong><\/p>\n\n\n\n<p><strong>Collecte d'emails<\/strong><\/p>\n\n\n\n<p>Nous recueillons des adresses \u00e9lectroniques lorsque les patients s'inscrivent sur notre site web ou nous envoient un courrier \u00e9lectronique. Nous utilisons ces adresses \u00e9lectroniques pour communiquer avec les patients et leur envoyer des informations sur les traitements.<\/p>\n\n\n\n<p><strong>Les m\u00e9dias<\/strong><\/p>\n\n\n\n<p>Lorsque vous t\u00e9l\u00e9chargez des images sur le site web, \u00e9vitez de t\u00e9l\u00e9charger des images contenant des donn\u00e9es de localisation (EXIF GPS). Les visiteurs du site web peuvent t\u00e9l\u00e9charger et extraire toutes les donn\u00e9es de localisation des images sur le site web.<\/p>\n\n\n\n<p><strong>Cookies<\/strong><\/p>\n\n\n\n<p>Nous utilisons des cookies pour am\u00e9liorer votre exp\u00e9rience sur notre site web. Lorsque vous visitez notre site web, il vous sera demand\u00e9 de consentir \u00e0 l'utilisation de cookies. Ces cookies nous aident \u00e0 comprendre comment vous interagissez avec notre site web et \u00e0 am\u00e9liorer votre exp\u00e9rience de navigation.<\/p>\n\n\n\n<p><strong>Comment nous prot\u00e9geons vos donn\u00e9es<\/strong><\/p>\n\n\n\n<p>Nous prenons au s\u00e9rieux la s\u00e9curit\u00e9 de vos donn\u00e9es personnelles et mettons en \u0153uvre des mesures appropri\u00e9es pour les prot\u00e9ger contre l'acc\u00e8s, la divulgation, l'alt\u00e9ration ou la destruction non autoris\u00e9s.<\/p>\n\n\n\n<p><strong>Vos droits en mati\u00e8re de protection des donn\u00e9es<\/strong><\/p>\n\n\n\n<p>Vous avez le droit d'acc\u00e9der \u00e0 vos donn\u00e9es personnelles, de les corriger et de les supprimer. Vous avez \u00e9galement le droit de vous opposer \u00e0 certaines formes de traitement de vos donn\u00e9es personnelles ou de les restreindre.<\/p>\n\n\n\n<p><strong>Coordonn\u00e9es de la personne \u00e0 contacter<\/strong><\/p>\n\n\n\n<p>Si vous avez des questions concernant cette politique de confidentialit\u00e9 ou nos pratiques en mati\u00e8re de donn\u00e9es, veuillez nous contacter \u00e0 l'adresse suivante :<\/p>\n\n\n\n<p>Dental Benelux<br>Overheek 56, 6343PC Klimmen, Pays-Bas<br>Courriel : <a>info@dentalbenelux.com<\/a><br>T\u00e9l\u00e9phone : +31452037800<\/p>","protected":false},"excerpt":{"rendered":"<p>Wie we zijn Ons websiteadres is: Welke persoonlijke gegevens we verzamelen &#8230; <\/p>","protected":false},"author":1,"featured_media":0,"parent":0,"menu_order":0,"comment_status":"closed","ping_status":"open","template":"","meta":{"inline_featured_image":false,"footnotes":""},"class_list":["post-3","page","type-page","status-publish","hentry"],"_links":{"self":[{"href":"https:\/\/dentalbenelux.com\/fr\/wp-json\/wp\/v2\/pages\/3","targetHints":{"allow":["GET"]}}],"collection":[{"href":"https:\/\/dentalbenelux.com\/fr\/wp-json\/wp\/v2\/pages"}],"about":[{"href":"https:\/\/dentalbenelux.com\/fr\/wp-json\/wp\/v2\/types\/page"}],"author":[{"embeddable":true,"href":"https:\/\/dentalbenelux.com\/fr\/wp-json\/wp\/v2\/users\/1"}],"replies":[{"embeddable":true,"href":"https:\/\/dentalbenelux.com\/fr\/wp-json\/wp\/v2\/comments?post=3"}],"version-history":[{"count":0,"href":"https:\/\/dentalbenelux.com\/fr\/wp-json\/wp\/v2\/pages\/3\/revisions"}],"wp:attachment":[{"href":"https:\/\/dentalbenelux.com\/fr\/wp-json\/wp\/v2\/media?parent=3"}],"curies":[{"name":"wp","href":"https:\/\/api.w.org\/{rel}","templated":true}]}}