{"id":2160,"date":"2022-12-13T11:42:43","date_gmt":"2022-12-13T11:42:43","guid":{"rendered":"https:\/\/dentalbenelux.com\/?page_id=2160"},"modified":"2025-09-16T15:53:44","modified_gmt":"2025-09-16T15:53:44","slug":"kwaliteit-en-garantie","status":"publish","type":"page","link":"https:\/\/dentalbenelux.com\/fr\/qualite-et-garantie\/","title":{"rendered":"Qualit\u00e9 et garantie"},"content":{"rendered":"<div data-elementor-type=\"wp-page\" data-elementor-id=\"2160\" class=\"elementor elementor-2160\" data-elementor-post-type=\"page\">\n\t\t\t\t\t\t<section class=\"elementor-section elementor-top-section elementor-element elementor-element-11be4185 elementor-section-boxed elementor-section-height-default elementor-section-height-default\" data-id=\"11be4185\" data-element_type=\"section\" data-e-type=\"section\">\n\t\t\t\t\t\t<div class=\"elementor-container elementor-column-gap-default\">\n\t\t\t\t\t<div class=\"elementor-column elementor-col-100 elementor-top-column elementor-element elementor-element-323fbb0f\" data-id=\"323fbb0f\" data-element_type=\"column\" data-e-type=\"column\">\n\t\t\t<div class=\"elementor-widget-wrap elementor-element-populated\">\n\t\t\t\t\t\t<div class=\"elementor-element elementor-element-56733d3a elementor-widget elementor-widget-heading\" data-id=\"56733d3a\" data-element_type=\"widget\" data-e-type=\"widget\" data-widget_type=\"heading.default\">\n\t\t\t\t<div class=\"elementor-widget-container\">\n\t\t\t\t\t<h1 class=\"elementor-heading-title elementor-size-default\">Qualit\u00e9 et garantie<\/h1>\t\t\t\t<\/div>\n\t\t\t\t<\/div>\n\t\t\t\t\t<\/div>\n\t\t<\/div>\n\t\t\t\t\t<\/div>\n\t\t<\/section>\n\t\t\t\t<section class=\"elementor-section elementor-top-section elementor-element elementor-element-f04676 elementor-section-boxed elementor-section-height-default elementor-section-height-default\" data-id=\"f04676\" data-element_type=\"section\" data-e-type=\"section\">\n\t\t\t\t\t\t<div class=\"elementor-container elementor-column-gap-default\">\n\t\t\t\t\t<div class=\"elementor-column elementor-col-100 elementor-top-column elementor-element elementor-element-3dd8b85d\" data-id=\"3dd8b85d\" data-element_type=\"column\" data-e-type=\"column\">\n\t\t\t<div class=\"elementor-widget-wrap elementor-element-populated\">\n\t\t\t\t\t\t<div class=\"elementor-element elementor-element-76388fe5 elementor-widget elementor-widget-cz_title\" data-id=\"76388fe5\" data-element_type=\"widget\" data-e-type=\"widget\" data-widget_type=\"cz_title.default\">\n\t\t\t\t<div class=\"elementor-widget-container\">\n\t\t\t\t\t\t\r\n\t\t<div>\r\n\t\t\t<div class=\"cz_title clr cz_mobile_text_center cz_title_pos_inline\"><div class=\"cz_title_content\"><div class=\"cz_wpe_content\"><h3><b>D\u00e9claration de confidentialit\u00e9<\/b><\/h3><p>Le R\u00e8glement g\u00e9n\u00e9ral sur la protection des donn\u00e9es (RGPD) est en vigueur depuis le 25 mai 2018. \u00c0 partir de cette date, la m\u00eame l\u00e9gislation sur la protection de la vie priv\u00e9e s&#039;applique dans toute l&#039;Union europ\u00e9enne (UE).\u00a0<\/p><p>Vous pouvez consulter notre d\u00e9claration de confidentialit\u00e9 ici (<a href=\"\/wp-content\/uploads\/2022\/12\/Privacyreglement_Dental_Benelux.pdf\" target=\"_blank\" rel=\"noopener\">open PDF (NL)<\/a>).<\/p><\/div><\/div><\/div>\r\n\t\t<\/div>\r\n\t\t\r\n\t\t\t\t\t\t<\/div>\n\t\t\t\t<\/div>\n\t\t\t\t<div class=\"elementor-element elementor-element-744c2cfa elementor-widget elementor-widget-image\" data-id=\"744c2cfa\" data-element_type=\"widget\" data-e-type=\"widget\" data-widget_type=\"image.default\">\n\t\t\t\t<div class=\"elementor-widget-container\">\n\t\t\t\t\t\t\t\t\t\t\t\t\t\t\t<img decoding=\"async\" src=\"https:\/\/dentalbenelux.com\/wp-content\/uploads\/elementor\/thumbs\/brooke-cagle-WHWYBmtn3_0-unsplash-scaled-rlq0ty5rw2xbs3v1yan53xiq2x5i6mon2eom7sfxlo.jpg\" title=\"brooke-cagle-WHWYBmtn3_0-unsplash\" alt=\"brooke-cagle-WHWYBmtn3_0-unsplash\" loading=\"lazy\" \/>\t\t\t\t\t\t\t\t\t\t\t\t\t\t\t<\/div>\n\t\t\t\t<\/div>\n\t\t\t\t<div class=\"elementor-element elementor-element-b85f814 elementor-widget elementor-widget-heading\" data-id=\"b85f814\" data-element_type=\"widget\" data-e-type=\"widget\" data-widget_type=\"heading.default\">\n\t\t\t\t<div class=\"elementor-widget-container\">\n\t\t\t\t\t<h2 class=\"elementor-heading-title elementor-size-default\">Qualit\u00e9<\/h2>\t\t\t\t<\/div>\n\t\t\t\t<\/div>\n\t\t\t\t<div class=\"elementor-element elementor-element-74cfb34 elementor-widget elementor-widget-cz_title\" data-id=\"74cfb34\" data-element_type=\"widget\" data-e-type=\"widget\" data-widget_type=\"cz_title.default\">\n\t\t\t\t<div class=\"elementor-widget-container\">\n\t\t\t\t\t\t\r\n\t\t<div>\r\n\t\t\t<div class=\"cz_title clr cz_mobile_text_center cz_title_pos_inline\"><div class=\"cz_title_content\"><div class=\"cz_wpe_content\"><p data-start=\"196\" data-end=\"404\"><strong data-start=\"196\" data-end=\"211\">Notre objectif<\/strong><br data-start=\"211\" data-end=\"214\" \/>Nous nous engageons \u00e0 offrir \u00e0 nos clients des soins durables et de qualit\u00e9. \u00c0 cette fin, nous avons d\u00e9velopp\u00e9 une politique qui contr\u00f4le et garantit rigoureusement la qualit\u00e9 de nos soins.<\/p><p data-start=\"406\" data-end=\"442\"><strong data-start=\"406\" data-end=\"440\">Qualit\u00e9 et professionnalisme<\/strong><\/p><ul data-start=\"443\" data-end=\"1062\"><li data-start=\"443\" data-end=\"541\"><p data-start=\"445\" data-end=\"541\">Notre cabinet r\u00e9pond \u00e0 toutes les normes dentaires, est meubl\u00e9 de fa\u00e7on moderne et facilement accessible.<\/p><\/li><li data-start=\"542\" data-end=\"723\"><p data-start=\"544\" data-end=\"723\">Nos dentistes sont hautement qualifi\u00e9s, exp\u00e9riment\u00e9s et inscrits au Registre n\u00e9erlandais de qualit\u00e9 (KRT). Ils actualisent leurs connaissances gr\u00e2ce \u00e0 des formations r\u00e9guli\u00e8res, des formations continues et des cours de remise \u00e0 niveau.<\/p><\/li><li data-start=\"724\" data-end=\"847\"><p data-start=\"726\" data-end=\"847\">Nos dentistes ont le certificat de radiologie <em data-start=\"781\" data-end=\"807\">Expert en radiation 5A\/M<\/em> et le dipl\u00f4me <em data-start=\"823\" data-end=\"844\">Tomodensitom\u00e9trie \u00e0 faisceau conique (CBCT)<\/em>.<\/p><\/li><li data-start=\"848\" data-end=\"924\"><p data-start=\"850\" data-end=\"924\">Tous les dentistes sont enregistr\u00e9s aupr\u00e8s du BIG et parlent n\u00e9erlandais.<\/p><\/li><li data-start=\"925\" data-end=\"1062\"><p data-start=\"927\" data-end=\"1062\">Nos assistants dentaires sont bien form\u00e9s, ma\u00eetrisent la langue n\u00e9erlandaise et maintiennent leurs connaissances professionnelles gr\u00e2ce \u00e0 des cours et des formations (continues).<\/p><\/li><li data-start=\"925\" data-end=\"1062\">Gr\u00e2ce \u00e0 notre laboratoire dentaire interne, couronnes et proth\u00e8ses dentaires sont fabriqu\u00e9es rapidement et efficacement. Vous b\u00e9n\u00e9ficiez ainsi d&#039;une qualit\u00e9 irr\u00e9prochable et de d\u00e9lais d&#039;attente courts. De plus, nous n&#039;avons pas besoin d&#039;envoyer de pi\u00e8ces \u00e0 un laboratoire externe et les corrections peuvent \u00eatre effectu\u00e9es le jour m\u00eame, sans frais de transport ni d\u00e9lai d&#039;attente suppl\u00e9mentaires.<\/li><\/ul><p data-start=\"1064\" data-end=\"1094\"><strong data-start=\"1064\" data-end=\"1092\">\u00c9quipements et mat\u00e9riaux<\/strong><\/p><ul data-start=\"1095\" data-end=\"1317\"><li data-start=\"1095\" data-end=\"1196\"><p data-start=\"1097\" data-end=\"1196\">Les \u00e9quipements et mat\u00e9riaux que nous utilisons r\u00e9pondent aux normes et exigences de qualit\u00e9 europ\u00e9ennes.<\/p><\/li><li data-start=\"1197\" data-end=\"1241\"><p data-start=\"1199\" data-end=\"1241\">Tous les \u00e9quipements sont inspect\u00e9s annuellement.<\/p><\/li><li data-start=\"1242\" data-end=\"1317\"><p data-start=\"1244\" data-end=\"1317\">Nous op\u00e9rons dans un esprit de respect de l&#039;environnement, en utilisant des flux de d\u00e9chets s\u00e9par\u00e9s et des filtres \u00e0 amalgame. Nous op\u00e9rons \u00e9galement de mani\u00e8re durable\u00a0: notre cabinet utilise des panneaux solaires pour r\u00e9duire consid\u00e9rablement sa consommation d&#039;\u00e9lectricit\u00e9.<\/p><\/li><li data-start=\"1242\" data-end=\"1317\">Notre pratique a <strong data-start=\"381\" data-end=\"408\">deux salles de st\u00e9rilisation<\/strong> de <strong data-start=\"413\" data-end=\"440\">deux autoclaves modernes<\/strong> et <strong data-start=\"444\" data-end=\"478\">deux d\u00e9sinfecteurs thermiques Miele<\/strong>.<\/li><li data-start=\"1242\" data-end=\"1317\">De plus, nous utilisons un <strong data-start=\"510\" data-end=\"525\">Machine DAC<\/strong> pour le nettoyage et le graissage professionnel de nos turbines dentaires.<\/li><\/ul><p data-start=\"1319\" data-end=\"1354\"><strong data-start=\"1319\" data-end=\"1352\">S\u00e9curit\u00e9 et fiabilit\u00e9<\/strong><\/p><ul data-start=\"1355\" data-end=\"1872\"><li data-start=\"1355\" data-end=\"1523\"><p data-start=\"1357\" data-end=\"1523\">Notre cabinet est affili\u00e9 \u00e0 la Soci\u00e9t\u00e9 royale n\u00e9erlandaise pour l&#039;avancement de la dentisterie (KNMT) et utilise une proc\u00e9dure de r\u00e9clamation formelle.<\/p><\/li><li data-start=\"1524\" data-end=\"1638\"><p data-start=\"1526\" data-end=\"1638\">Nous menons r\u00e9guli\u00e8rement des enqu\u00eates de satisfaction aupr\u00e8s des patients et valorisons les avis en ligne ind\u00e9pendants.<\/p><\/li><li data-start=\"1639\" data-end=\"1690\"><p data-start=\"1641\" data-end=\"1690\">L&#039;ensemble de notre cabinet est situ\u00e9 sur un seul niveau et est enti\u00e8rement accessible aux fauteuils roulants, ce qui rend les installations facilement accessibles et confortables pour les personnes handicap\u00e9es.<\/p><\/li><li data-start=\"1639\" data-end=\"1690\">Nous disposons \u00e9galement d&#039;un grand parking gratuit accessible \u00e0 nos patients.<\/li><li data-start=\"1691\" data-end=\"1755\"><p data-start=\"1693\" data-end=\"1755\">Il existe un plan RI&amp;E actuel et un plan d&#039;\u00e9vacuation disponibles.<\/p><\/li><li data-start=\"1756\" data-end=\"1799\"><p data-start=\"1758\" data-end=\"1799\">Il existe un fichier KEW (Nuclear Energy Act).<\/p><\/li><li data-start=\"1800\" data-end=\"1872\"><p data-start=\"1802\" data-end=\"1872\">Le travail est effectu\u00e9 conform\u00e9ment aux plans et protocoles politiques \u00e9tablis.<\/p><\/li><li data-start=\"1800\" data-end=\"1872\">En outre, le <strong data-start=\"701\" data-end=\"753\">de l&#039;eau dans nos fauteuils de traitement deux fois par an<\/strong> v\u00e9rifi\u00e9 par un organisme externe ind\u00e9pendant pour la pr\u00e9sence de substances nocives<\/li><\/ul><\/div><\/div><\/div>\r\n\t\t<\/div>\r\n\t\t\r\n\t\t\t\t\t\t<\/div>\n\t\t\t\t<\/div>\n\t\t\t\t<div class=\"elementor-element elementor-element-18cebae elementor-widget elementor-widget-image\" data-id=\"18cebae\" data-element_type=\"widget\" data-e-type=\"widget\" data-widget_type=\"image.default\">\n\t\t\t\t<div class=\"elementor-widget-container\">\n\t\t\t\t\t\t\t\t\t\t\t\t\t\t\t<img decoding=\"async\" src=\"https:\/\/dentalbenelux.com\/wp-content\/uploads\/elementor\/thumbs\/DJI_20220928_111956_970_1-1-rlq0s2he80cok6lcxhe04eljb6f2sf7yt3pnnv8a1o.jpg\" title=\"DJI_20220928_111956_970_1 (1)\" alt=\"DJI_20220928_111956_970_1 (1)\" loading=\"lazy\" \/>\t\t\t\t\t\t\t\t\t\t\t\t\t\t\t<\/div>\n\t\t\t\t<\/div>\n\t\t\t\t<div class=\"elementor-element elementor-element-d605319 elementor-widget elementor-widget-heading\" data-id=\"d605319\" data-element_type=\"widget\" data-e-type=\"widget\" data-widget_type=\"heading.default\">\n\t\t\t\t<div class=\"elementor-widget-container\">\n\t\t\t\t\t<h2 class=\"elementor-heading-title elementor-size-default\">Garantie<\/h2>\t\t\t\t<\/div>\n\t\t\t\t<\/div>\n\t\t\t\t<div class=\"elementor-element elementor-element-2c9c09e elementor-widget elementor-widget-cz_title\" data-id=\"2c9c09e\" data-element_type=\"widget\" data-e-type=\"widget\" data-widget_type=\"cz_title.default\">\n\t\t\t\t<div class=\"elementor-widget-container\">\n\t\t\t\t\t\t\r\n\t\t<div>\r\n\t\t\t<div class=\"cz_title clr cz_mobile_text_center cz_title_pos_inline\"><div class=\"cz_title_content\"><div class=\"cz_wpe_content\"><p data-start=\"146\" data-end=\"457\"><strong data-start=\"146\" data-end=\"175\">Garantie sur les traitements<\/strong><br data-start=\"175\" data-end=\"178\" \/>Nous offrons <strong data-start=\"189\" data-end=\"208\">Garantie de 3 ans<\/strong> sur les reconstructions et traitements dentaires r\u00e9alis\u00e9s dans notre cabinet, tels que les couronnes, bridges, proth\u00e8ses et implants en porcelaine. De plus, le fabricant des implants <strong data-start=\"407\" data-end=\"427\">Garantie de 10 ans<\/strong> sur le mat\u00e9riel utilis\u00e9.<\/p><p data-start=\"459\" data-end=\"490\"><strong data-start=\"459\" data-end=\"488\">Conditions de garantie<\/strong><\/p><ul data-start=\"491\" data-end=\"902\"><li data-start=\"491\" data-end=\"554\"><p data-start=\"493\" data-end=\"554\">Vous entretenez vos dents selon les conseils de notre dentiste.<\/p><\/li><li data-start=\"555\" data-end=\"645\"><p data-start=\"557\" data-end=\"645\">Vous recevrez de notre part une documentation claire avec des conseils d&#039;entretien et des instructions de nettoyage.<\/p><\/li><li data-start=\"646\" data-end=\"902\"><p data-start=\"648\" data-end=\"902\">Il est important de continuer \u00e0 effectuer les examens bucco-dentaires p\u00e9riodiques recommand\u00e9s (EBP). Nous vous recommandons de faire un bilan de sant\u00e9 \u00e0 notre cabinet au moins tous les six mois afin de d\u00e9tecter et de traiter rapidement tout probl\u00e8me.<\/p><\/li><\/ul><p data-start=\"904\" data-end=\"933\"><strong data-start=\"904\" data-end=\"931\">Notes importantes<\/strong><\/p><ul data-start=\"934\" data-end=\"1292\"><li data-start=\"934\" data-end=\"1106\"><p data-start=\"936\" data-end=\"1106\">La garantie s&#039;applique uniquement aux traitements effectu\u00e9s dans notre cabinet. Les corrections ou ajustements effectu\u00e9s dans d&#039;autres cabinets ne sont pas couverts par notre garantie.<\/p><\/li><li data-start=\"1107\" data-end=\"1292\"><p data-start=\"1109\" data-end=\"1292\">Les frais de d\u00e9placement, tels que les frais de carburant ou de transport, ne seront pas rembours\u00e9s, m\u00eame en cas de visites multiples dans le cadre de traitements sous garantie ou de rendez-vous de suivi.<\/p><\/li><\/ul><\/div><\/div><\/div>\r\n\t\t<\/div>\r\n\t\t\r\n\t\t\t\t\t\t<\/div>\n\t\t\t\t<\/div>\n\t\t\t\t\t<\/div>\n\t\t<\/div>\n\t\t\t\t\t<\/div>\n\t\t<\/section>\n\t\t\t\t<section class=\"elementor-section elementor-top-section elementor-element elementor-element-4bc97aa elementor-section-boxed elementor-section-height-default elementor-section-height-default\" data-id=\"4bc97aa\" data-element_type=\"section\" data-e-type=\"section\">\n\t\t\t\t\t\t<div class=\"elementor-container elementor-column-gap-default\">\n\t\t\t\t\t<div class=\"elementor-column elementor-col-100 elementor-top-column elementor-element elementor-element-71a21b4\" data-id=\"71a21b4\" data-element_type=\"column\" data-e-type=\"column\">\n\t\t\t<div class=\"elementor-widget-wrap\">\n\t\t\t\t\t\t\t<\/div>\n\t\t<\/div>\n\t\t\t\t\t<\/div>\n\t\t<\/section>\n\t\t\t\t<section class=\"elementor-section elementor-top-section elementor-element elementor-element-5ecf3d9d elementor-section-boxed elementor-section-height-default elementor-section-height-default\" data-id=\"5ecf3d9d\" data-element_type=\"section\" data-e-type=\"section\">\n\t\t\t\t\t\t<div class=\"elementor-container elementor-column-gap-default\">\n\t\t\t\t\t<div class=\"elementor-column elementor-col-100 elementor-top-column elementor-element elementor-element-4b63f9b1\" data-id=\"4b63f9b1\" data-element_type=\"column\" data-e-type=\"column\">\n\t\t\t<div class=\"elementor-widget-wrap elementor-element-populated\">\n\t\t\t\t\t\t<div class=\"elementor-element elementor-element-3b56f4f0 elementor-widget elementor-widget-cz_gap\" data-id=\"3b56f4f0\" data-element_type=\"widget\" data-e-type=\"widget\" data-widget_type=\"cz_gap.default\">\n\t\t\t\t<div class=\"elementor-widget-container\">\n\t\t\t\t\t<div class=\"cz_gap clr\"><\/div>\t\t\t\t<\/div>\n\t\t\t\t<\/div>\n\t\t\t\t\t<\/div>\n\t\t<\/div>\n\t\t\t\t\t<\/div>\n\t\t<\/section>\n\t\t\t\t<\/div>","protected":false},"excerpt":{"rendered":"<p>Privacyverklaring Sinds 25 mei 2018 is de Algemene verordening gegevensbescherming (AVG) &#8230; <\/p>","protected":false},"author":1,"featured_media":0,"parent":0,"menu_order":0,"comment_status":"closed","ping_status":"closed","template":"","meta":{"inline_featured_image":false,"footnotes":""},"class_list":["post-2160","page","type-page","status-publish","hentry"],"_links":{"self":[{"href":"https:\/\/dentalbenelux.com\/fr\/wp-json\/wp\/v2\/pages\/2160","targetHints":{"allow":["GET"]}}],"collection":[{"href":"https:\/\/dentalbenelux.com\/fr\/wp-json\/wp\/v2\/pages"}],"about":[{"href":"https:\/\/dentalbenelux.com\/fr\/wp-json\/wp\/v2\/types\/page"}],"author":[{"embeddable":true,"href":"https:\/\/dentalbenelux.com\/fr\/wp-json\/wp\/v2\/users\/1"}],"replies":[{"embeddable":true,"href":"https:\/\/dentalbenelux.com\/fr\/wp-json\/wp\/v2\/comments?post=2160"}],"version-history":[{"count":0,"href":"https:\/\/dentalbenelux.com\/fr\/wp-json\/wp\/v2\/pages\/2160\/revisions"}],"wp:attachment":[{"href":"https:\/\/dentalbenelux.com\/fr\/wp-json\/wp\/v2\/media?parent=2160"}],"curies":[{"name":"wp","href":"https:\/\/api.w.org\/{rel}","templated":true}]}}