{"id":7442,"date":"2024-08-15T09:44:33","date_gmt":"2024-08-15T09:44:33","guid":{"rendered":"https:\/\/dentalbenelux.com\/?page_id=7442"},"modified":"2024-08-20T08:27:01","modified_gmt":"2024-08-20T08:27:01","slug":"de-beste-tandverzekeringen-in-belgie-die-geldig-zijn-in-nederland","status":"publish","type":"page","link":"https:\/\/dentalbenelux.com\/de\/die-beste-zahnversicherung-in-belgien-die-auf-niederlandisch-gultig-ist\/","title":{"rendered":"Die besten Zahnversicherungen in Belgien, die auch in den Niederlanden g\u00fcltig sind"},"content":{"rendered":"<div data-elementor-type=\"wp-page\" data-elementor-id=\"7442\" class=\"elementor elementor-7442\" data-elementor-post-type=\"page\">\n\t\t\t\t\t\t<section class=\"elementor-section elementor-top-section elementor-element elementor-element-6cb1fecf elementor-section-boxed elementor-section-height-default elementor-section-height-default\" data-id=\"6cb1fecf\" data-element_type=\"section\" data-e-type=\"section\">\n\t\t\t\t\t\t<div class=\"elementor-container elementor-column-gap-default\">\n\t\t\t\t\t<div class=\"elementor-column elementor-col-100 elementor-top-column elementor-element elementor-element-1da53606\" data-id=\"1da53606\" data-element_type=\"column\" data-e-type=\"column\">\n\t\t\t<div class=\"elementor-widget-wrap elementor-element-populated\">\n\t\t\t\t\t\t<div class=\"elementor-element elementor-element-a1b2221 elementor-widget elementor-widget-text-editor\" data-id=\"a1b2221\" data-element_type=\"widget\" data-e-type=\"widget\" data-widget_type=\"text-editor.default\">\n\t\t\t\t<div class=\"elementor-widget-container\">\n\t\t\t\t\t\t\t\t\t\n<p><strong>Die besten Zahnversicherungen in Belgien, die auch in den Niederlanden g\u00fcltig sind<\/strong><\/p>\n\n\n\n<p>Belgien bietet eine breite Palette von Zahnversicherungen an, die auch in den Niederlanden g\u00fcltig sind. Diese Versicherungen decken eine breite Palette von Zahnbehandlungen ab, von zahn\u00e4rztlichen Untersuchungen bis hin zu Kieferorthop\u00e4die und Zahnersatz. Hier sind die f\u00fcnf besten belgischen Zahnversicherungen f\u00fcr 2024, die Sie in Betracht ziehen sollten:<\/p>\n\n\n\n<ol class=\"wp-block-list\">\n<li><strong>Smile Essential von DKV<\/strong>\n<ul class=\"wp-block-list\">\n<li><strong>Pr\u00e4mie:<\/strong> 10,85 \u20ac pro Monat<\/li>\n\n\n\n<li><strong>Deckung:<\/strong>\n<ul class=\"wp-block-list\">\n<li>Zahnsteinentfernung, m\u00fcndliche Untersuchung: 100% Erstattung ohne Jahresgrenze<\/li>\n\n\n\n<li>Karies, Extraktionen, R\u00f6ntgenaufnahmen: 70% Erstattung ohne Jahresgrenze<\/li>\n\n\n\n<li>Zahnbehandlung bei Unf\u00e4llen: Bis zu 10.000 \u20ac pro Fall<\/li>\n<\/ul>\n<\/li>\n\n\n\n<li><strong>Bemerkung:<\/strong> Keine Erstattung f\u00fcr Prothesen und Implantate. Keine Wartezeit und kein medizinischer Fragebogen.<\/li>\n<\/ul>\n<\/li>\n\n\n\n<li><strong>Smile Comfort von DKV<\/strong>\n<ul class=\"wp-block-list\">\n<li><strong>Pr\u00e4mie:<\/strong> 12,56 \u20ac pro Monat<\/li>\n\n\n\n<li><strong>Deckung:<\/strong>\n<ul class=\"wp-block-list\">\n<li>Zahnsteinentfernung, m\u00fcndliche Untersuchung: 100% ohne Jahresgrenze<\/li>\n\n\n\n<li>Karies, Extraktionen, R\u00f6ntgenuntersuchungen: 70% ohne Jahresgrenze<\/li>\n\n\n\n<li>Prothesen und Implantate: 70% bis zu 2.000 \u20ac im vierten Jahr<\/li>\n<\/ul>\n<\/li>\n\n\n\n<li><strong>Bemerkung:<\/strong> Hervorragende Erstattung f\u00fcr kieferorthop\u00e4dische Behandlungen in H\u00f6he von 1.500 \u20ac pro versicherte Person.<\/li>\n<\/ul>\n<\/li>\n\n\n\n<li><strong>Smile Premium von DKV<\/strong>\n<ul class=\"wp-block-list\">\n<li><strong>Pr\u00e4mie:<\/strong> 18,27 \u20ac pro Monat<\/li>\n\n\n\n<li><strong>Deckung:<\/strong>\n<ul class=\"wp-block-list\">\n<li>Zahnsteinentfernung, m\u00fcndliche Untersuchung: 100% ohne Jahresgrenze<\/li>\n\n\n\n<li>Prothesen und Implantate: 80% bis zu 4.000 \u20ac im vierten Jahr<\/li>\n<\/ul>\n<\/li>\n\n\n\n<li><strong>Bemerkung:<\/strong> Geeignet f\u00fcr Personen, die einen umfassenden Versicherungsschutz ben\u00f6tigen, insbesondere f\u00fcr kieferorthop\u00e4dische Behandlungen.<\/li>\n<\/ul>\n<\/li>\n\n\n\n<li><strong>Dentalia Up von Helan<\/strong>\n<ul class=\"wp-block-list\">\n<li><strong>Pr\u00e4mie:<\/strong> 8,67 \u20ac pro Monat<\/li>\n\n\n\n<li><strong>Deckung:<\/strong>\n<ul class=\"wp-block-list\">\n<li>Munduntersuchung und Zahnsteinentfernung: bis zu 200% des vereinbarten Tarifs<\/li>\n\n\n\n<li>Prothesen und Implantate: 50-80% Erstattung<\/li>\n<\/ul>\n<\/li>\n\n\n\n<li><strong>Bemerkung:<\/strong> Keine Mitgliedschaft nach 64 Jahren m\u00f6glich. Familienmitgliedschaft obligatorisch.<\/li>\n<\/ul>\n<\/li>\n\n\n\n<li><strong>Dentaplan von Solidaris<\/strong>\n<ul class=\"wp-block-list\">\n<li><strong>Pr\u00e4mie:<\/strong> 10,11 \u20ac pro Monat<\/li>\n\n\n\n<li><strong>Deckung:<\/strong>\n<ul class=\"wp-block-list\">\n<li>Karies, Extraktionen, R\u00f6ntgenstrahlen: 100% der Kosten<\/li>\n\n\n\n<li>Prothesen und Implantate: 75% des gesetzlichen Satzes plus zus\u00e4tzliche Erstattung<\/li>\n<\/ul>\n<\/li>\n\n\n\n<li><strong>Bemerkung:<\/strong> Keine Altersgrenze, automatisch in den Zusatzpr\u00e4mien enthalten.<\/li>\n<\/ul>\n<\/li>\n<\/ol>\n\n\n\n<p><strong>Hinweis: Diese Versicherungen sind in den Niederlanden g\u00fcltig.<\/strong><\/p>\n\n\n\n<h3 class=\"wp-block-heading\">Geschichten \u00fcber Krankenhausaufenthalte nach erfolglosen Zahnbehandlungen in der T\u00fcrkei<\/h3>\n\n\n\n<p>Eine billigere Behandlung im Ausland kann verlockend sein, insbesondere bei zahn\u00e4rztlichen Eingriffen wie Kronen oder Implantaten. Aber was passiert, wenn etwas schief geht?<\/p>\n\n\n\n<p><strong>Geschichte 1: Gest\u00f6rte Ferien, Dauer der Erholung<\/strong><br>Jan entschied sich, seine Zahnkronen in der T\u00fcrkei einsetzen zu lassen. Die Preise waren attraktiv und die Klinik schien zuverl\u00e4ssig zu sein. Leider litt Jan nach seiner R\u00fcckkehr in die Niederlande unter starken Schmerzen, und es stellte sich heraus, dass die Kronen nicht richtig eingesetzt worden waren. Er musste sich einer Notfallbehandlung bei Dental Benelux unterziehen, die nicht nur kostspielig war, sondern auch sehr unangenehm.<\/p>\n\n\n\n<p><strong>Geschichte 2: Unsachgem\u00e4\u00dfe Implantate, doppelte Kosten<\/strong><br>Marieke lie\u00df sich in der T\u00fcrkei Implantate einsetzen. Die Operation schien erfolgreich zu sein, aber nach einigen Monaten begannen sich die Implantate zu lockern. Ein Besuch bei einem Zahnarzt in den Niederlanden ergab, dass die Implantate falsch eingesetzt worden waren und neu gesetzt werden mussten. Marieke musste erneut Tausende von Euro bezahlen, dieses Mal an einen spezialisierten Zahnarzt in Belgien, um den Schaden zu beheben.<\/p>\n\n\n\n<p><strong>Das ist wichtig:<\/strong> Wenn Sie eine zahn\u00e4rztliche Behandlung im Ausland, z. B. in der T\u00fcrkei, in Betracht ziehen, sollten Sie wissen, dass Ihre belgische Versicherung diese Kosten nicht \u00fcbernimmt. Das kann zu doppelten Kosten und vielen Unannehmlichkeiten f\u00fchren.<\/p>\n\n\n\n<p><strong>Schlussfolgerung<\/strong><br>Die Wahl der richtigen Zahnversicherung kann Ihnen nicht nur Geld sparen, sondern auch viel Stress und Unannehmlichkeiten ersparen. Egal, ob Sie in Belgien oder in den Niederlanden leben, diese Versicherungen bieten einen hervorragenden Schutz f\u00fcr die g\u00e4ngigsten Zahnbehandlungen. \u00dcberlegen Sie es sich zweimal, bevor Sie sich f\u00fcr billigere Behandlungen im Ausland entscheiden, denn das kann am Ende sehr viel teurer werden.<\/p>\n\t\t\t\t\t\t\t\t<\/div>\n\t\t\t\t<\/div>\n\t\t\t\t\t<\/div>\n\t\t<\/div>\n\t\t\t\t\t<\/div>\n\t\t<\/section>\n\t\t\t\t<section class=\"elementor-section elementor-top-section elementor-element elementor-element-d97bdc5 elementor-section-boxed elementor-section-height-default elementor-section-height-default\" data-id=\"d97bdc5\" data-element_type=\"section\" data-e-type=\"section\">\n\t\t\t\t\t\t<div class=\"elementor-container elementor-column-gap-default\">\n\t\t\t\t\t<div class=\"elementor-column elementor-col-33 elementor-top-column elementor-element elementor-element-b7f17b7 column-fx_shine_hover\" data-id=\"b7f17b7\" data-element_type=\"column\" data-e-type=\"column\">\n\t\t\t<div class=\"elementor-widget-wrap elementor-element-populated\">\n\t\t\t\t\t\t<div class=\"elementor-element elementor-element-6b9d0a0 elementor-widget elementor-widget-cz_title\" data-id=\"6b9d0a0\" data-element_type=\"widget\" data-e-type=\"widget\" data-widget_type=\"cz_title.default\">\n\t\t\t\t<div class=\"elementor-widget-container\">\n\t\t\t\t\t\t\r\n\t\t<div>\r\n\t\t\t<div class=\"cz_title clr cz_title_has_icon cz_title_pos_inline\"><div class=\"cz_title_content\"><i class=\"cz_title_icon_before fas fa-tooth\"><\/i><div class=\"cz_wpe_content\"><h4>Krone Porzellan-Zirkonium<\/h4>\n<p><span style=\"font-size: 25px;\">\u20ac430<\/span><\/p>\n<p>Vergoed (70%): \u20ac301\u00a0<\/p>\n<p>Tot uw jaarlijkse limiet: 600 -1200<\/p><\/div><\/div><\/div>\r\n\t\t<\/div>\r\n\t\t\r\n\t\t\t\t\t\t<\/div>\n\t\t\t\t<\/div>\n\t\t\t\t<div class=\"elementor-element elementor-element-7608182 elementor-widget elementor-widget-cz_title\" data-id=\"7608182\" data-element_type=\"widget\" data-e-type=\"widget\" data-widget_type=\"cz_title.default\">\n\t\t\t\t<div class=\"elementor-widget-container\">\n\t\t\t\t\t\t\r\n\t\t<div>\r\n\t\t\t<div class=\"cz_title clr cz_title_pos_inline\"><div class=\"cz_title_content\"><div class=\"cz_wpe_content\"><\/div><\/div><\/div>\r\n\t\t<\/div>\r\n\t\t\r\n\t\t\t\t\t\t<\/div>\n\t\t\t\t<\/div>\n\t\t\t\t\t<\/div>\n\t\t<\/div>\n\t\t\t\t<div class=\"elementor-column elementor-col-33 elementor-top-column elementor-element elementor-element-47f5c67 column-fx_shine_hover elementor-hidden-mobile_extra elementor-hidden-mobile\" data-id=\"47f5c67\" data-element_type=\"column\" data-e-type=\"column\">\n\t\t\t<div class=\"elementor-widget-wrap elementor-element-populated\">\n\t\t\t\t\t\t<div class=\"elementor-element elementor-element-a352112 elementor-widget elementor-widget-cz_title\" data-id=\"a352112\" data-element_type=\"widget\" data-e-type=\"widget\" data-widget_type=\"cz_title.default\">\n\t\t\t\t<div class=\"elementor-widget-container\">\n\t\t\t\t\t\t\r\n\t\t<div>\r\n\t\t\t<div class=\"cz_title clr cz_title_has_icon cz_title_pos_inline\"><div class=\"cz_title_content\"><i class=\"cz_title_icon_before fas fa-tooth\"><\/i><div class=\"cz_wpe_content\"><h4>3-teilige Br\u00fccke Porzellan-Zirkonium<\/h4>\n<p><span style=\"font-size: 25px;\">\u20ac1290<\/span><\/p>\n<p>Vergoed (70%): Rond \u20ac900\u00a0<\/p>\n<p>Tot uw jaarlijkse limiet: 600-1200<\/p><\/div><\/div><\/div>\r\n\t\t<\/div>\r\n\t\t\r\n\t\t\t\t\t\t<\/div>\n\t\t\t\t<\/div>\n\t\t\t\t<div class=\"elementor-element elementor-element-69e89f1 elementor-widget elementor-widget-cz_title\" data-id=\"69e89f1\" data-element_type=\"widget\" data-e-type=\"widget\" data-widget_type=\"cz_title.default\">\n\t\t\t\t<div class=\"elementor-widget-container\">\n\t\t\t\t\t\t\r\n\t\t<div>\r\n\t\t\t<div class=\"cz_title clr cz_title_pos_inline\"><div class=\"cz_title_content\"><div class=\"cz_wpe_content\"><\/div><\/div><\/div>\r\n\t\t<\/div>\r\n\t\t\r\n\t\t\t\t\t\t<\/div>\n\t\t\t\t<\/div>\n\t\t\t\t\t<\/div>\n\t\t<\/div>\n\t\t\t\t<div class=\"elementor-column elementor-col-33 elementor-top-column elementor-element elementor-element-9577916 column-fx_shine_hover elementor-hidden-mobile_extra elementor-hidden-mobile\" data-id=\"9577916\" data-element_type=\"column\" data-e-type=\"column\">\n\t\t\t<div class=\"elementor-widget-wrap elementor-element-populated\">\n\t\t\t\t\t\t<div class=\"elementor-element elementor-element-59a67f0 elementor-widget elementor-widget-cz_title\" data-id=\"59a67f0\" data-element_type=\"widget\" data-e-type=\"widget\" data-widget_type=\"cz_title.default\">\n\t\t\t\t<div class=\"elementor-widget-container\">\n\t\t\t\t\t\t\r\n\t\t<div>\r\n\t\t\t<div class=\"cz_title clr cz_title_has_icon cz_title_pos_inline\"><div class=\"cz_title_content\"><i class=\"cz_title_icon_before fas fa-tooth\"><\/i><div class=\"cz_wpe_content\"><h4>Implantat<\/h4>\n<p><span style=\"font-size: 25px;\">\u20ac695<\/span><\/p>\n<p>Vergoed (70%): \u20ac486<\/p>\n<p>Tot uw jaarlijkse limiet: 600-1200<\/p><\/div><\/div><\/div>\r\n\t\t<\/div>\r\n\t\t\r\n\t\t\t\t\t\t<\/div>\n\t\t\t\t<\/div>\n\t\t\t\t\t<\/div>\n\t\t<\/div>\n\t\t\t\t\t<\/div>\n\t\t<\/section>\n\t\t\t\t<section class=\"elementor-section elementor-top-section elementor-element elementor-element-c711242 elementor-section-stretched elementor-section-boxed elementor-section-height-default elementor-section-height-default\" data-id=\"c711242\" data-element_type=\"section\" data-e-type=\"section\" data-settings=\"{&quot;stretch_section&quot;:&quot;section-stretched&quot;,&quot;background_background&quot;:&quot;classic&quot;}\">\n\t\t\t\t\t\t<div class=\"elementor-container elementor-column-gap-default\">\n\t\t\t\t\t<div class=\"elementor-column elementor-col-50 elementor-top-column elementor-element elementor-element-d61152f\" data-id=\"d61152f\" data-element_type=\"column\" data-e-type=\"column\">\n\t\t\t<div class=\"elementor-widget-wrap elementor-element-populated\">\n\t\t\t\t\t\t<div class=\"elementor-element elementor-element-1014880 cz_mobile_text_center elementor-widget elementor-widget-cz_title\" data-id=\"1014880\" data-element_type=\"widget\" data-e-type=\"widget\" data-widget_type=\"cz_title.default\">\n\t\t\t\t<div class=\"elementor-widget-container\">\n\t\t\t\t\t\t\r\n\t\t<div>\r\n\t\t\t<div class=\"cz_title clr cz_mobile_text_center cz_title_pos_inline\"><div class=\"cz_title_content\"><div class=\"cz_wpe_content\"><h3><span style=\"color: #ffffff; font-size: 30px; display: inline-block;\"><span style=\"font-weight: 300;\">Vereinbaren Sie einen Termin f\u00fcr ein Treffen<\/span><\/span><\/h3><\/div><\/div><\/div>\r\n\t\t<\/div>\r\n\t\t\r\n\t\t\t\t\t\t<\/div>\n\t\t\t\t<\/div>\n\t\t\t\t<section class=\"elementor-section elementor-inner-section elementor-element elementor-element-1fe3edb elementor-section-content-middle elementor-section-boxed elementor-section-height-default elementor-section-height-default\" data-id=\"1fe3edb\" data-element_type=\"section\" data-e-type=\"section\">\n\t\t\t\t\t\t<div class=\"elementor-container elementor-column-gap-default\">\n\t\t\t\t\t<div class=\"elementor-column elementor-col-33 elementor-inner-column elementor-element elementor-element-57986eb\" data-id=\"57986eb\" data-element_type=\"column\" data-e-type=\"column\">\n\t\t\t<div class=\"elementor-widget-wrap elementor-element-populated\">\n\t\t\t\t\t\t<div class=\"elementor-element elementor-element-0e46b88 elementor-mobile-position-inline-start elementor-view-default elementor-position-block-start elementor-widget elementor-widget-icon-box\" data-id=\"0e46b88\" data-element_type=\"widget\" data-e-type=\"widget\" data-widget_type=\"icon-box.default\">\n\t\t\t\t<div class=\"elementor-widget-container\">\n\t\t\t\t\t\t\t<div class=\"elementor-icon-box-wrapper\">\n\n\t\t\t\t\t\t<div class=\"elementor-icon-box-icon\">\n\t\t\t\t<span  class=\"elementor-icon\">\n\t\t\t\t<i aria-hidden=\"true\" class=\"fas fa-coins\"><\/i>\t\t\t\t<\/span>\n\t\t\t<\/div>\n\t\t\t\n\t\t\t\t\t\t<div class=\"elementor-icon-box-content\">\n\n\t\t\t\t\t\t\t\t\t<h3 class=\"elementor-icon-box-title\">\n\t\t\t\t\t\t<span  >\n\t\t\t\t\t\t\tDiagnose\t\t\t\t\t\t<\/span>\n\t\t\t\t\t<\/h3>\n\t\t\t\t\n\t\t\t\t\t\t\t\t\t<p class=\"elementor-icon-box-description\">\n\t\t\t\t\t\t\u20ac50-80\t\t\t\t\t<\/p>\n\t\t\t\t\n\t\t\t<\/div>\n\t\t\t\n\t\t<\/div>\n\t\t\t\t\t\t<\/div>\n\t\t\t\t<\/div>\n\t\t\t\t\t<\/div>\n\t\t<\/div>\n\t\t\t\t<div class=\"elementor-column elementor-col-33 elementor-inner-column elementor-element elementor-element-1d36ca8\" data-id=\"1d36ca8\" data-element_type=\"column\" data-e-type=\"column\">\n\t\t\t<div class=\"elementor-widget-wrap elementor-element-populated\">\n\t\t\t\t\t\t<div class=\"elementor-element elementor-element-c2a4a3a elementor-mobile-position-inline-start elementor-view-default elementor-position-block-start elementor-widget elementor-widget-icon-box\" data-id=\"c2a4a3a\" data-element_type=\"widget\" data-e-type=\"widget\" data-widget_type=\"icon-box.default\">\n\t\t\t\t<div class=\"elementor-widget-container\">\n\t\t\t\t\t\t\t<div class=\"elementor-icon-box-wrapper\">\n\n\t\t\t\t\t\t<div class=\"elementor-icon-box-icon\">\n\t\t\t\t<span  class=\"elementor-icon\">\n\t\t\t\t<i aria-hidden=\"true\" class=\"fas fa-file-invoice\"><\/i>\t\t\t\t<\/span>\n\t\t\t<\/div>\n\t\t\t\n\t\t\t\t\t\t<div class=\"elementor-icon-box-content\">\n\n\t\t\t\t\t\t\t\t\t<h3 class=\"elementor-icon-box-title\">\n\t\t\t\t\t\t<span  >\n\t\t\t\t\t\t\tBehandlungsplan \t\t\t\t\t\t<\/span>\n\t\t\t\t\t<\/h3>\n\t\t\t\t\n\t\t\t\t\t\t\t\t\t<p class=\"elementor-icon-box-description\">\n\t\t\t\t\t\tSie erhalten einen gedruckten Behandlungsplan mit allen Vor- und Nachteilen, ohne jegliche Verpflichtungen\t\t\t\t\t<\/p>\n\t\t\t\t\n\t\t\t<\/div>\n\t\t\t\n\t\t<\/div>\n\t\t\t\t\t\t<\/div>\n\t\t\t\t<\/div>\n\t\t\t\t\t<\/div>\n\t\t<\/div>\n\t\t\t\t<div class=\"elementor-column elementor-col-33 elementor-inner-column elementor-element elementor-element-d646ce1\" data-id=\"d646ce1\" data-element_type=\"column\" data-e-type=\"column\">\n\t\t\t<div class=\"elementor-widget-wrap elementor-element-populated\">\n\t\t\t\t\t\t<div class=\"elementor-element elementor-element-f74013c elementor-mobile-position-inline-start elementor-view-default elementor-position-block-start elementor-widget elementor-widget-icon-box\" data-id=\"f74013c\" data-element_type=\"widget\" data-e-type=\"widget\" data-widget_type=\"icon-box.default\">\n\t\t\t\t<div class=\"elementor-widget-container\">\n\t\t\t\t\t\t\t<div class=\"elementor-icon-box-wrapper\">\n\n\t\t\t\t\t\t<div class=\"elementor-icon-box-icon\">\n\t\t\t\t<span  class=\"elementor-icon\">\n\t\t\t\t<i aria-hidden=\"true\" class=\"fas fa-list-ol\"><\/i>\t\t\t\t<\/span>\n\t\t\t<\/div>\n\t\t\t\n\t\t\t\t\t\t<div class=\"elementor-icon-box-content\">\n\n\t\t\t\t\t\t\t\t\t<h3 class=\"elementor-icon-box-title\">\n\t\t\t\t\t\t<span  >\n\t\t\t\t\t\t\t2\/3 Optionen\t\t\t\t\t\t<\/span>\n\t\t\t\t\t<\/h3>\n\t\t\t\t\n\t\t\t\t\t\t\t\t\t<p class=\"elementor-icon-box-description\">\n\t\t\t\t\t\t2-3 alternative L\u00f6sungen in verschiedenen Preiskategorien\t\t\t\t\t<\/p>\n\t\t\t\t\n\t\t\t<\/div>\n\t\t\t\n\t\t<\/div>\n\t\t\t\t\t\t<\/div>\n\t\t\t\t<\/div>\n\t\t\t\t\t<\/div>\n\t\t<\/div>\n\t\t\t\t\t<\/div>\n\t\t<\/section>\n\t\t\t\t\t<\/div>\n\t\t<\/div>\n\t\t\t\t<div class=\"elementor-column elementor-col-50 elementor-top-column elementor-element elementor-element-9ae8297\" data-id=\"9ae8297\" data-element_type=\"column\" data-e-type=\"column\">\n\t\t\t<div class=\"elementor-widget-wrap elementor-element-populated\">\n\t\t\t\t\t\t<section class=\"elementor-section elementor-inner-section elementor-element elementor-element-885649c elementor-section-content-middle elementor-section-boxed elementor-section-height-default elementor-section-height-default\" data-id=\"885649c\" data-element_type=\"section\" data-e-type=\"section\">\n\t\t\t\t\t\t<div class=\"elementor-container elementor-column-gap-default\">\n\t\t\t\t\t<div class=\"elementor-column elementor-col-100 elementor-inner-column elementor-element elementor-element-84a8712\" data-id=\"84a8712\" data-element_type=\"column\" data-e-type=\"column\">\n\t\t\t<div class=\"elementor-widget-wrap elementor-element-populated\">\n\t\t\t\t\t\t<div class=\"elementor-element elementor-element-cc0b838 elementor-widget elementor-widget-cz_contact_form_7\" data-id=\"cc0b838\" data-element_type=\"widget\" data-e-type=\"widget\" data-widget_type=\"cz_contact_form_7.default\">\n\t\t\t\t<div class=\"elementor-widget-container\">\n\t\t\t\t\t\t\t<div class=\"cz_cf7 clr\">\r\n\t\t\t<div>\n<div class=\"wpcf7 no-js\" id=\"wpcf7-f627-o1\" lang=\"en-US\" dir=\"ltr\" data-wpcf7-id=\"627\">\n<div class=\"screen-reader-response\"><p role=\"status\" aria-live=\"polite\" aria-atomic=\"true\"><\/p> <ul><\/ul><\/div>\n<form action=\"\/de\/wp-json\/wp\/v2\/pages\/7442#wpcf7-f627-o1\" method=\"post\" class=\"wpcf7-form init\" aria-label=\"Contact form\" enctype=\"multipart\/form-data\" novalidate=\"novalidate\" data-status=\"init\" data-trp-original-action=\"\/de\/wp-json\/wp\/v2\/pages\/7442#wpcf7-f627-o1\">\n<fieldset class=\"hidden-fields-container\"><input type=\"hidden\" name=\"_wpcf7\" value=\"627\" \/><input type=\"hidden\" name=\"_wpcf7_version\" value=\"6.1.5\" \/><input type=\"hidden\" name=\"_wpcf7_locale\" value=\"en_US\" \/><input type=\"hidden\" name=\"_wpcf7_unit_tag\" value=\"wpcf7-f627-o1\" \/><input type=\"hidden\" name=\"_wpcf7_container_post\" value=\"0\" \/><input type=\"hidden\" name=\"_wpcf7_posted_data_hash\" value=\"\" \/><input type=\"hidden\" name=\"_wpcf7_recaptcha_response\" value=\"\" \/>\n<\/fieldset>\n<p><span class=\"wpcf7-form-control-wrap\" data-name=\"your-name\"><input size=\"40\" maxlength=\"400\" class=\"wpcf7-form-control wpcf7-text wpcf7-validates-as-required\" aria-required=\"true\" aria-invalid=\"false\" placeholder=\"Ihr Name (*)\" value=\"\" type=\"text\" name=\"your-name\" \/><\/span>\n<\/p>\n<p><span class=\"wpcf7-form-control-wrap\" data-name=\"your-email\"><input size=\"40\" maxlength=\"400\" class=\"wpcf7-form-control wpcf7-email wpcf7-validates-as-required wpcf7-text wpcf7-validates-as-email\" aria-required=\"true\" aria-invalid=\"false\" placeholder=\"Ihre E-Mail (*)\" value=\"\" type=\"email\" name=\"your-email\" \/><\/span>\n<\/p>\n<p><span class=\"wpcf7-form-control-wrap\" data-name=\"your-message\"><textarea cols=\"40\" rows=\"10\" maxlength=\"2000\" class=\"wpcf7-form-control wpcf7-textarea\" aria-invalid=\"false\" placeholder=\"Ihre Nachricht\" name=\"your-message\"><\/textarea><\/span>\n<\/p>\n<p><span class=\"wpcf7-form-control-wrap\" data-name=\"your-xray\"><input size=\"40\" class=\"wpcf7-form-control wpcf7-file\" accept=\".jpg,.jpeg,.png,.pdf\" aria-invalid=\"false\" type=\"file\" name=\"your-xray\" \/><\/span>\n<\/p>\n<p><input type=\"hidden\" name=\"utm_campaign\" value=\"\" \/><br \/>\n<input type=\"hidden\" name=\"utm_source\" value=\"\" \/><br \/>\n<input type=\"hidden\" name=\"utm_medium\" value=\"\" \/><br \/>\n<input type=\"hidden\" name=\"utm_term\" value=\"\" \/><br \/>\n<input type=\"hidden\" name=\"utm_content\" value=\"\" \/><br \/>\n<input type=\"hidden\" name=\"gclid\" value=\"\" \/><br \/>\n<span class=\"wpcf7-form-control-wrap recaptcha\" data-name=\"recaptcha\"><span data-sitekey=\"6LeAm1YqAAAAAA6kCTStqJzhU_yrXqUU_0Mpo-LN\" class=\"wpcf7-form-control wpcf7-recaptcha g-recaptcha\"><\/span>\r\n<noscript>\r\n\t<div class=\"grecaptcha-noscript\">\r\n\t\t<iframe src=\"https:\/\/www.google.com\/recaptcha\/api\/fallback?k=6LeAm1YqAAAAAA6kCTStqJzhU_yrXqUU_0Mpo-LN\" frameborder=\"0\" scrolling=\"no\" width=\"310\" height=\"430\">\r\n\t\t<\/iframe>\r\n\t\t<textarea name=\"g-recaptcha-response\" rows=\"3\" cols=\"40\" placeholder=\"reCaptcha Response Here\">\r\n\t\t<\/textarea>\r\n\t<\/div>\r\n<\/noscript>\r\n<\/span>\n<\/p>\n<p><input class=\"wpcf7-form-control wpcf7-submit has-spinner\" type=\"submit\" value=\"Nachricht senden\" \/>\n<\/p><div class=\"wpcf7-response-output\" aria-hidden=\"true\"><\/div>\n<input type=\"hidden\" name=\"trp-form-language\" value=\"de\"\/><\/form>\n<\/div>\n<\/div>\r\n\t\t<\/div>\r\n\t\t\t\t\t\t<\/div>\n\t\t\t\t<\/div>\n\t\t\t\t\t<\/div>\n\t\t<\/div>\n\t\t\t\t\t<\/div>\n\t\t<\/section>\n\t\t\t\t\t<\/div>\n\t\t<\/div>\n\t\t\t\t\t<\/div>\n\t\t<\/section>\n\t\t\t\t<\/div>","protected":false},"excerpt":{"rendered":"<p>De Beste Tandverzekeringen in Belgi\u00eb die Geldig Zijn in Nederland Belgi\u00eb &#8230; <\/p>","protected":false},"author":1,"featured_media":0,"parent":0,"menu_order":0,"comment_status":"closed","ping_status":"closed","template":"","meta":{"inline_featured_image":false,"footnotes":""},"class_list":["post-7442","page","type-page","status-publish","hentry"],"_links":{"self":[{"href":"https:\/\/dentalbenelux.com\/de\/wp-json\/wp\/v2\/pages\/7442","targetHints":{"allow":["GET"]}}],"collection":[{"href":"https:\/\/dentalbenelux.com\/de\/wp-json\/wp\/v2\/pages"}],"about":[{"href":"https:\/\/dentalbenelux.com\/de\/wp-json\/wp\/v2\/types\/page"}],"author":[{"embeddable":true,"href":"https:\/\/dentalbenelux.com\/de\/wp-json\/wp\/v2\/users\/1"}],"replies":[{"embeddable":true,"href":"https:\/\/dentalbenelux.com\/de\/wp-json\/wp\/v2\/comments?post=7442"}],"version-history":[{"count":0,"href":"https:\/\/dentalbenelux.com\/de\/wp-json\/wp\/v2\/pages\/7442\/revisions"}],"wp:attachment":[{"href":"https:\/\/dentalbenelux.com\/de\/wp-json\/wp\/v2\/media?parent=7442"}],"curies":[{"name":"wp","href":"https:\/\/api.w.org\/{rel}","templated":true}]}}