{"id":2160,"date":"2022-12-13T11:42:43","date_gmt":"2022-12-13T11:42:43","guid":{"rendered":"https:\/\/dentalbenelux.com\/?page_id=2160"},"modified":"2025-09-16T15:53:44","modified_gmt":"2025-09-16T15:53:44","slug":"kwaliteit-en-garantie","status":"publish","type":"page","link":"https:\/\/dentalbenelux.com\/de\/qualitat-und-garantie\/","title":{"rendered":"Qualit\u00e4t und Garantie"},"content":{"rendered":"<div data-elementor-type=\"wp-page\" data-elementor-id=\"2160\" class=\"elementor elementor-2160\" data-elementor-post-type=\"page\">\n\t\t\t\t\t\t<section class=\"elementor-section elementor-top-section elementor-element elementor-element-11be4185 elementor-section-boxed elementor-section-height-default elementor-section-height-default\" data-id=\"11be4185\" data-element_type=\"section\" data-e-type=\"section\">\n\t\t\t\t\t\t<div class=\"elementor-container elementor-column-gap-default\">\n\t\t\t\t\t<div class=\"elementor-column elementor-col-100 elementor-top-column elementor-element elementor-element-323fbb0f\" data-id=\"323fbb0f\" data-element_type=\"column\" data-e-type=\"column\">\n\t\t\t<div class=\"elementor-widget-wrap elementor-element-populated\">\n\t\t\t\t\t\t<div class=\"elementor-element elementor-element-56733d3a elementor-widget elementor-widget-heading\" data-id=\"56733d3a\" data-element_type=\"widget\" data-e-type=\"widget\" data-widget_type=\"heading.default\">\n\t\t\t\t<div class=\"elementor-widget-container\">\n\t\t\t\t\t<h1 class=\"elementor-heading-title elementor-size-default\">Qualit\u00e4t und Garantie<\/h1>\t\t\t\t<\/div>\n\t\t\t\t<\/div>\n\t\t\t\t\t<\/div>\n\t\t<\/div>\n\t\t\t\t\t<\/div>\n\t\t<\/section>\n\t\t\t\t<section class=\"elementor-section elementor-top-section elementor-element elementor-element-f04676 elementor-section-boxed elementor-section-height-default elementor-section-height-default\" data-id=\"f04676\" data-element_type=\"section\" data-e-type=\"section\">\n\t\t\t\t\t\t<div class=\"elementor-container elementor-column-gap-default\">\n\t\t\t\t\t<div class=\"elementor-column elementor-col-100 elementor-top-column elementor-element elementor-element-3dd8b85d\" data-id=\"3dd8b85d\" data-element_type=\"column\" data-e-type=\"column\">\n\t\t\t<div class=\"elementor-widget-wrap elementor-element-populated\">\n\t\t\t\t\t\t<div class=\"elementor-element elementor-element-76388fe5 elementor-widget elementor-widget-cz_title\" data-id=\"76388fe5\" data-element_type=\"widget\" data-e-type=\"widget\" data-widget_type=\"cz_title.default\">\n\t\t\t\t<div class=\"elementor-widget-container\">\n\t\t\t\t\t\t\r\n\t\t<div>\r\n\t\t\t<div class=\"cz_title clr cz_mobile_text_center cz_title_pos_inline\"><div class=\"cz_title_content\"><div class=\"cz_wpe_content\"><h3><b>Erkl\u00e4rung zum Datenschutz<\/b><\/h3><p>Die Datenschutz-Grundverordnung (DSGVO) ist seit dem 25. Mai 2018 in Kraft. Ab diesem Datum gelten in der gesamten Europ\u00e4ischen Union (EU) dieselben Datenschutzgesetze.\u00a0<\/p><p>Sie k\u00f6nnen unsere Datenschutzerkl\u00e4rung hier lesen (<a href=\"\/wp-content\/uploads\/2022\/12\/Privacyreglement_Dental_Benelux.pdf\" target=\"_blank\" rel=\"noopener\">PDF \u00f6ffnen<\/a>).<\/p><\/div><\/div><\/div>\r\n\t\t<\/div>\r\n\t\t\r\n\t\t\t\t\t\t<\/div>\n\t\t\t\t<\/div>\n\t\t\t\t<div class=\"elementor-element elementor-element-744c2cfa elementor-widget elementor-widget-image\" data-id=\"744c2cfa\" data-element_type=\"widget\" data-e-type=\"widget\" data-widget_type=\"image.default\">\n\t\t\t\t<div class=\"elementor-widget-container\">\n\t\t\t\t\t\t\t\t\t\t\t\t\t\t\t<img decoding=\"async\" src=\"https:\/\/dentalbenelux.com\/wp-content\/uploads\/elementor\/thumbs\/brooke-cagle-WHWYBmtn3_0-unsplash-scaled-rlq0ty5rw2xbs3v1yan53xiq2x5i6mon2eom7sfxlo.jpg\" title=\"brooke-cagle-WHWYBmtn3_0-unsplash\" alt=\"brooke-cagle-WHWYBmtn3_0-unsplash\" loading=\"lazy\" \/>\t\t\t\t\t\t\t\t\t\t\t\t\t\t\t<\/div>\n\t\t\t\t<\/div>\n\t\t\t\t<div class=\"elementor-element elementor-element-b85f814 elementor-widget elementor-widget-heading\" data-id=\"b85f814\" data-element_type=\"widget\" data-e-type=\"widget\" data-widget_type=\"heading.default\">\n\t\t\t\t<div class=\"elementor-widget-container\">\n\t\t\t\t\t<h2 class=\"elementor-heading-title elementor-size-default\">Qualit\u00e4t<\/h2>\t\t\t\t<\/div>\n\t\t\t\t<\/div>\n\t\t\t\t<div class=\"elementor-element elementor-element-74cfb34 elementor-widget elementor-widget-cz_title\" data-id=\"74cfb34\" data-element_type=\"widget\" data-e-type=\"widget\" data-widget_type=\"cz_title.default\">\n\t\t\t\t<div class=\"elementor-widget-container\">\n\t\t\t\t\t\t\r\n\t\t<div>\r\n\t\t\t<div class=\"cz_title clr cz_mobile_text_center cz_title_pos_inline\"><div class=\"cz_title_content\"><div class=\"cz_wpe_content\"><p data-start=\"196\" data-end=\"404\"><strong data-start=\"196\" data-end=\"211\">Unser Ziel<\/strong><br data-start=\"211\" data-end=\"214\" \/>Wir sind bestrebt, unseren Klienten eine nachhaltige und qualitativ hochwertige Betreuung zu bieten. Zu diesem Zweck haben wir eine Richtlinie entwickelt, die die Qualit\u00e4t unserer Betreuung sorgf\u00e4ltig \u00fcberwacht und garantiert.<\/p><p data-start=\"406\" data-end=\"442\"><strong data-start=\"406\" data-end=\"440\">Qualit\u00e4t und Professionalit\u00e4t<\/strong><\/p><ul data-start=\"443\" data-end=\"1062\"><li data-start=\"443\" data-end=\"541\"><p data-start=\"445\" data-end=\"541\">Unsere Praxis entspricht allen zahnmedizinischen Standards, ist modern eingerichtet und gut erreichbar.<\/p><\/li><li data-start=\"542\" data-end=\"723\"><p data-start=\"544\" data-end=\"723\">Unsere Zahn\u00e4rzte sind bestens ausgebildet, erfahren und im niederl\u00e4ndischen Qualit\u00e4tsregister (KRT) eingetragen. Durch regelm\u00e4\u00dfige Kurse, Weiterbildungen und Auffrischungskurse halten sie ihr Wissen auf dem neuesten Stand.<\/p><\/li><li data-start=\"724\" data-end=\"847\"><p data-start=\"726\" data-end=\"847\">Unsere Zahn\u00e4rzte verf\u00fcgen \u00fcber das R\u00f6ntgenzertifikat <em data-start=\"781\" data-end=\"807\">Strahlenexperte 5A\/M<\/em> und das Diplom <em data-start=\"823\" data-end=\"844\">Cone-Beam-CT (CBCT)<\/em>.<\/p><\/li><li data-start=\"848\" data-end=\"924\"><p data-start=\"850\" data-end=\"924\">Alle Zahn\u00e4rzte sind bei BIG registriert und sprechen Niederl\u00e4ndisch.<\/p><\/li><li data-start=\"925\" data-end=\"1062\"><p data-start=\"927\" data-end=\"1062\">Unsere Zahnarzthelferinnen sind gut ausgebildet, beherrschen die niederl\u00e4ndische Sprache und pflegen ihr Fachwissen durch Kurse und (Weiter-)Schulungen.<\/p><\/li><li data-start=\"925\" data-end=\"1062\">Dank unseres hauseigenen Dentallabors werden Kronen und Prothesen schnell und effizient gefertigt. Sie profitieren von h\u00f6chster Qualit\u00e4t und kurzen Wartezeiten. Zudem entf\u00e4llt der Versand von Werkst\u00fccken an ein externes Labor. Korrekturen k\u00f6nnen noch am selben Tag \u2013 ohne zus\u00e4tzliche Versand- und Wartezeiten \u2013 durchgef\u00fchrt werden.<\/li><\/ul><p data-start=\"1064\" data-end=\"1094\"><strong data-start=\"1064\" data-end=\"1092\">Ausr\u00fcstung und Materialien<\/strong><\/p><ul data-start=\"1095\" data-end=\"1317\"><li data-start=\"1095\" data-end=\"1196\"><p data-start=\"1097\" data-end=\"1196\">Die von uns verwendeten Ger\u00e4te und Materialien entsprechen europ\u00e4ischen Qualit\u00e4tsstandards und -anforderungen.<\/p><\/li><li data-start=\"1197\" data-end=\"1241\"><p data-start=\"1199\" data-end=\"1241\">Alle Ger\u00e4te werden j\u00e4hrlich \u00fcberpr\u00fcft.<\/p><\/li><li data-start=\"1242\" data-end=\"1317\"><p data-start=\"1244\" data-end=\"1317\">Wir arbeiten umweltbewusst und setzen auf getrennte Abfallstr\u00f6me und Amalgamfilter. Dar\u00fcber hinaus arbeiten wir nachhaltig: Unsere Praxis nutzt Solaranlagen, um den regelm\u00e4\u00dfigen Stromverbrauch deutlich zu senken.<\/p><\/li><li data-start=\"1242\" data-end=\"1317\">Unsere Praxis hat <strong data-start=\"381\" data-end=\"408\">zwei Sterilisationsr\u00e4ume<\/strong> von <strong data-start=\"413\" data-end=\"440\">zwei moderne Autoklaven<\/strong> Und <strong data-start=\"444\" data-end=\"478\">zwei Miele Thermodesinfektoren<\/strong>.<\/li><li data-start=\"1242\" data-end=\"1317\">Dar\u00fcber hinaus verwenden wir eine <strong data-start=\"510\" data-end=\"525\">DAC-Maschine<\/strong> zur professionellen Reinigung und \u00d6lung unserer Dentalturbinen.<\/li><\/ul><p data-start=\"1319\" data-end=\"1354\"><strong data-start=\"1319\" data-end=\"1352\">Sicherheit und Zuverl\u00e4ssigkeit<\/strong><\/p><ul data-start=\"1355\" data-end=\"1872\"><li data-start=\"1355\" data-end=\"1523\"><p data-start=\"1357\" data-end=\"1523\">Unsere Praxis ist der K\u00f6niglich Niederl\u00e4ndischen Gesellschaft zur F\u00f6rderung der Zahnmedizin (KNMT) angeschlossen und verwendet ein formelles Beschwerdeverfahren.<\/p><\/li><li data-start=\"1524\" data-end=\"1638\"><p data-start=\"1526\" data-end=\"1638\">Wir f\u00fchren regelm\u00e4\u00dfig Umfragen zur Patientenzufriedenheit durch und legen Wert auf unabh\u00e4ngige Online-Bewertungen.<\/p><\/li><li data-start=\"1639\" data-end=\"1690\"><p data-start=\"1641\" data-end=\"1690\">Unsere gesamte Praxis befindet sich auf einer Ebene und ist vollst\u00e4ndig rollstuhlgerecht, sodass die R\u00e4umlichkeiten f\u00fcr Menschen mit Behinderungen leicht zug\u00e4nglich und komfortabel sind.<\/p><\/li><li data-start=\"1639\" data-end=\"1690\">Wir verf\u00fcgen au\u00dferdem \u00fcber ausreichend kostenlose Parkpl\u00e4tze, die unseren Patienten zur Verf\u00fcgung stehen.<\/li><li data-start=\"1691\" data-end=\"1755\"><p data-start=\"1693\" data-end=\"1755\">Es liegt ein aktueller RI&amp;E-Plan und ein Evakuierungsplan vor.<\/p><\/li><li data-start=\"1756\" data-end=\"1799\"><p data-start=\"1758\" data-end=\"1799\">Es liegt eine KEW-Datei (Kernenergiegesetz) vor.<\/p><\/li><li data-start=\"1800\" data-end=\"1872\"><p data-start=\"1802\" data-end=\"1872\">Die Arbeit wird gem\u00e4\u00df den festgelegten Richtlinienpl\u00e4nen und Protokollen durchgef\u00fchrt.<\/p><\/li><li data-start=\"1800\" data-end=\"1872\">Dar\u00fcber hinaus <strong data-start=\"701\" data-end=\"753\">Wasser in unseren Behandlungsst\u00fchlen zweimal im Jahr<\/strong> von einer unabh\u00e4ngigen externen Partei auf das Vorhandensein von Schadstoffen gepr\u00fcft<\/li><\/ul><\/div><\/div><\/div>\r\n\t\t<\/div>\r\n\t\t\r\n\t\t\t\t\t\t<\/div>\n\t\t\t\t<\/div>\n\t\t\t\t<div class=\"elementor-element elementor-element-18cebae elementor-widget elementor-widget-image\" data-id=\"18cebae\" data-element_type=\"widget\" data-e-type=\"widget\" data-widget_type=\"image.default\">\n\t\t\t\t<div class=\"elementor-widget-container\">\n\t\t\t\t\t\t\t\t\t\t\t\t\t\t\t<img decoding=\"async\" src=\"https:\/\/dentalbenelux.com\/wp-content\/uploads\/elementor\/thumbs\/DJI_20220928_111956_970_1-1-rlq0s2he80cok6lcxhe04eljb6f2sf7yt3pnnv8a1o.jpg\" title=\"DJI_20220928_111956_970_1 (1)\" alt=\"DJI_20220928_111956_970_1 (1)\" loading=\"lazy\" \/>\t\t\t\t\t\t\t\t\t\t\t\t\t\t\t<\/div>\n\t\t\t\t<\/div>\n\t\t\t\t<div class=\"elementor-element elementor-element-d605319 elementor-widget elementor-widget-heading\" data-id=\"d605319\" data-element_type=\"widget\" data-e-type=\"widget\" data-widget_type=\"heading.default\">\n\t\t\t\t<div class=\"elementor-widget-container\">\n\t\t\t\t\t<h2 class=\"elementor-heading-title elementor-size-default\">Garantie<\/h2>\t\t\t\t<\/div>\n\t\t\t\t<\/div>\n\t\t\t\t<div class=\"elementor-element elementor-element-2c9c09e elementor-widget elementor-widget-cz_title\" data-id=\"2c9c09e\" data-element_type=\"widget\" data-e-type=\"widget\" data-widget_type=\"cz_title.default\">\n\t\t\t\t<div class=\"elementor-widget-container\">\n\t\t\t\t\t\t\r\n\t\t<div>\r\n\t\t\t<div class=\"cz_title clr cz_mobile_text_center cz_title_pos_inline\"><div class=\"cz_title_content\"><div class=\"cz_wpe_content\"><p data-start=\"146\" data-end=\"457\"><strong data-start=\"146\" data-end=\"175\">Garantie auf Behandlungen<\/strong><br data-start=\"175\" data-end=\"178\" \/>Wir bieten <strong data-start=\"189\" data-end=\"208\">3 Jahre Garantie<\/strong> auf Zahnrekonstruktionen und Behandlungen, die in unserer Praxis durchgef\u00fchrt werden, wie Porzellankronen, Br\u00fccken, Prothesen und Implantate. Dar\u00fcber hinaus ist der Hersteller der Implantate <strong data-start=\"407\" data-end=\"427\">10 Jahre Garantie<\/strong> vom verwendeten Material.<\/p><p data-start=\"459\" data-end=\"490\"><strong data-start=\"459\" data-end=\"488\">Garantiebedingungen<\/strong><\/p><ul data-start=\"491\" data-end=\"902\"><li data-start=\"491\" data-end=\"554\"><p data-start=\"493\" data-end=\"554\">Sie pflegen Ihre Z\u00e4hne nach Anweisung unseres Zahnarztes.<\/p><\/li><li data-start=\"555\" data-end=\"645\"><p data-start=\"557\" data-end=\"645\">Sie erhalten von uns eine \u00fcbersichtliche Dokumentation mit Pflegehinweisen und Reinigungsanweisungen.<\/p><\/li><li data-start=\"646\" data-end=\"902\"><p data-start=\"648\" data-end=\"902\">Es ist wichtig, dass Sie die empfohlenen regelm\u00e4\u00dfigen zahn\u00e4rztlichen Untersuchungen (PMO) weiterhin durchf\u00fchren. Wir empfehlen Ihnen, mindestens alle sechs Monate eine Kontrolluntersuchung in unserer Praxis durchf\u00fchren zu lassen, damit eventuelle Probleme rechtzeitig erkannt und behoben werden k\u00f6nnen.<\/p><\/li><\/ul><p data-start=\"904\" data-end=\"933\"><strong data-start=\"904\" data-end=\"931\">Wichtige Hinweise<\/strong><\/p><ul data-start=\"934\" data-end=\"1292\"><li data-start=\"934\" data-end=\"1106\"><p data-start=\"936\" data-end=\"1106\">Die Garantie gilt nur f\u00fcr Behandlungen, die in unserer Praxis durchgef\u00fchrt werden. Korrekturen oder Anpassungen, die in anderen Praxen durchgef\u00fchrt werden, sind von unserer Garantie ausgeschlossen.<\/p><\/li><li data-start=\"1107\" data-end=\"1292\"><p data-start=\"1109\" data-end=\"1292\">Etwaige Fahrtkosten, wie beispielsweise Treibstoff- oder Fahrtkosten, werden nicht erstattet, auch nicht bei mehrmaligen Besuchen im Rahmen von Garantiebehandlungen oder Folgeterminen.<\/p><\/li><\/ul><\/div><\/div><\/div>\r\n\t\t<\/div>\r\n\t\t\r\n\t\t\t\t\t\t<\/div>\n\t\t\t\t<\/div>\n\t\t\t\t\t<\/div>\n\t\t<\/div>\n\t\t\t\t\t<\/div>\n\t\t<\/section>\n\t\t\t\t<section class=\"elementor-section elementor-top-section elementor-element elementor-element-4bc97aa elementor-section-boxed elementor-section-height-default elementor-section-height-default\" data-id=\"4bc97aa\" data-element_type=\"section\" data-e-type=\"section\">\n\t\t\t\t\t\t<div class=\"elementor-container elementor-column-gap-default\">\n\t\t\t\t\t<div class=\"elementor-column elementor-col-100 elementor-top-column elementor-element elementor-element-71a21b4\" data-id=\"71a21b4\" data-element_type=\"column\" data-e-type=\"column\">\n\t\t\t<div class=\"elementor-widget-wrap\">\n\t\t\t\t\t\t\t<\/div>\n\t\t<\/div>\n\t\t\t\t\t<\/div>\n\t\t<\/section>\n\t\t\t\t<section class=\"elementor-section elementor-top-section elementor-element elementor-element-5ecf3d9d elementor-section-boxed elementor-section-height-default elementor-section-height-default\" data-id=\"5ecf3d9d\" data-element_type=\"section\" data-e-type=\"section\">\n\t\t\t\t\t\t<div class=\"elementor-container elementor-column-gap-default\">\n\t\t\t\t\t<div class=\"elementor-column elementor-col-100 elementor-top-column elementor-element elementor-element-4b63f9b1\" data-id=\"4b63f9b1\" data-element_type=\"column\" data-e-type=\"column\">\n\t\t\t<div class=\"elementor-widget-wrap elementor-element-populated\">\n\t\t\t\t\t\t<div class=\"elementor-element elementor-element-3b56f4f0 elementor-widget elementor-widget-cz_gap\" data-id=\"3b56f4f0\" data-element_type=\"widget\" data-e-type=\"widget\" data-widget_type=\"cz_gap.default\">\n\t\t\t\t<div class=\"elementor-widget-container\">\n\t\t\t\t\t<div class=\"cz_gap clr\"><\/div>\t\t\t\t<\/div>\n\t\t\t\t<\/div>\n\t\t\t\t\t<\/div>\n\t\t<\/div>\n\t\t\t\t\t<\/div>\n\t\t<\/section>\n\t\t\t\t<\/div>","protected":false},"excerpt":{"rendered":"<p>Privacyverklaring Sinds 25 mei 2018 is de Algemene verordening gegevensbescherming (AVG) &#8230; <\/p>","protected":false},"author":1,"featured_media":0,"parent":0,"menu_order":0,"comment_status":"closed","ping_status":"closed","template":"","meta":{"inline_featured_image":false,"footnotes":""},"class_list":["post-2160","page","type-page","status-publish","hentry"],"_links":{"self":[{"href":"https:\/\/dentalbenelux.com\/de\/wp-json\/wp\/v2\/pages\/2160","targetHints":{"allow":["GET"]}}],"collection":[{"href":"https:\/\/dentalbenelux.com\/de\/wp-json\/wp\/v2\/pages"}],"about":[{"href":"https:\/\/dentalbenelux.com\/de\/wp-json\/wp\/v2\/types\/page"}],"author":[{"embeddable":true,"href":"https:\/\/dentalbenelux.com\/de\/wp-json\/wp\/v2\/users\/1"}],"replies":[{"embeddable":true,"href":"https:\/\/dentalbenelux.com\/de\/wp-json\/wp\/v2\/comments?post=2160"}],"version-history":[{"count":0,"href":"https:\/\/dentalbenelux.com\/de\/wp-json\/wp\/v2\/pages\/2160\/revisions"}],"wp:attachment":[{"href":"https:\/\/dentalbenelux.com\/de\/wp-json\/wp\/v2\/media?parent=2160"}],"curies":[{"name":"wp","href":"https:\/\/api.w.org\/{rel}","templated":true}]}}